{"id":1291,"date":"2025-10-13T08:02:14","date_gmt":"2025-10-13T08:02:14","guid":{"rendered":"https:\/\/centromedico.innovstar.pt\/?page_id=1291"},"modified":"2025-10-13T08:19:15","modified_gmt":"2025-10-13T08:19:15","slug":"dentisteria","status":"publish","type":"page","link":"https:\/\/centromedico.pt\/index.php\/dentisteria\/","title":{"rendered":"Dentisteria"},"content":{"rendered":"\t\t<div data-elementor-type=\"wp-page\" data-elementor-id=\"1291\" class=\"elementor elementor-1291\">\n\t\t\t\t\t\t<section class=\"elementor-section elementor-top-section elementor-element elementor-element-c29a3c5 elementor-section-boxed elementor-section-height-default elementor-section-height-default wpr-particle-no wpr-jarallax-no wpr-parallax-no wpr-sticky-section-no\" data-id=\"c29a3c5\" data-element_type=\"section\" data-settings=\"{&quot;background_background&quot;:&quot;classic&quot;}\">\n\t\t\t\t\t\t\t<div class=\"elementor-background-overlay\"><\/div>\n\t\t\t\t\t\t\t<div class=\"elementor-container elementor-column-gap-default\">\n\t\t\t\t\t<div class=\"elementor-column elementor-col-100 elementor-top-column elementor-element elementor-element-c7f4bb6\" data-id=\"c7f4bb6\" data-element_type=\"column\">\n\t\t\t<div class=\"elementor-widget-wrap elementor-element-populated\">\n\t\t\t\t\t\t<div class=\"elementor-element elementor-element-b1faa16 elementor-widget elementor-widget-heading\" data-id=\"b1faa16\" data-element_type=\"widget\" data-widget_type=\"heading.default\">\n\t\t\t\t\t<h2 class=\"elementor-heading-title elementor-size-default\">Tratamentos<\/h2>\t\t\t\t<\/div>\n\t\t\t\t\t<\/div>\n\t\t<\/div>\n\t\t\t\t\t<\/div>\n\t\t<\/section>\n\t\t<div class=\"elementor-element elementor-element-8068f6e e-flex e-con-boxed wpr-particle-no wpr-jarallax-no wpr-parallax-no wpr-sticky-section-no e-con e-parent\" data-id=\"8068f6e\" data-element_type=\"container\">\n\t\t\t\t\t<div class=\"e-con-inner\">\n\t\t\t\t<div class=\"elementor-element elementor-element-e9d258b elementor-widget elementor-widget-spacer\" data-id=\"e9d258b\" data-element_type=\"widget\" data-widget_type=\"spacer.default\">\n\t\t\t\t\t\t\t<div class=\"elementor-spacer\">\n\t\t\t<div class=\"elementor-spacer-inner\"><\/div>\n\t\t<\/div>\n\t\t\t\t\t\t<\/div>\n\t\t\t\t\t<\/div>\n\t\t\t\t<\/div>\n\t\t<div class=\"elementor-element elementor-element-38445ea e-flex e-con-boxed wpr-particle-no wpr-jarallax-no wpr-parallax-no wpr-sticky-section-no e-con e-parent\" data-id=\"38445ea\" data-element_type=\"container\">\n\t\t\t\t\t<div class=\"e-con-inner\">\n\t\t<div class=\"elementor-element elementor-element-f1e68e9 e-con-full e-flex wpr-particle-no wpr-jarallax-no wpr-parallax-no wpr-sticky-section-no e-con e-child\" data-id=\"f1e68e9\" data-element_type=\"container\">\n\t\t\t\t<div class=\"elementor-element elementor-element-44ccbad elementor-widget elementor-widget-heading\" data-id=\"44ccbad\" data-element_type=\"widget\" data-widget_type=\"heading.default\">\n\t\t\t\t\t<h2 class=\"elementor-heading-title elementor-size-default\">Dentisteria<\/h2>\t\t\t\t<\/div>\n\t\t\t\t<div class=\"elementor-element elementor-element-34aa3f6 elementor-widget elementor-widget-text-editor\" data-id=\"34aa3f6\" data-element_type=\"widget\" data-widget_type=\"text-editor.default\">\n\t\t\t\t\t\t\t\t\t<p data-start=\"5097\" data-end=\"5148\"><strong data-start=\"5097\" data-end=\"5148\">Recupere a est\u00e9tica e a fun\u00e7\u00e3o dos seus dentes.<\/strong><\/p><p data-start=\"5150\" data-end=\"5439\">A dentisteria \u00e9 a especialidade que <strong data-start=\"5186\" data-end=\"5250\">restaura dentes danificados por c\u00e1ries, fraturas ou desgaste<\/strong>, devolvendo-lhes a apar\u00eancia natural e resist\u00eancia.<br data-start=\"5302\" data-end=\"5305\" \/>Utilizamos <strong data-start=\"5316\" data-end=\"5357\">materiais est\u00e9ticos de alta qualidade<\/strong> e t\u00e9cnicas minimamente invasivas, garantindo um resultado harmonioso e duradouro.<\/p><p data-start=\"5441\" data-end=\"5562\">Os nossos tratamentos s\u00e3o realizados com m\u00e1xima precis\u00e3o e conforto, preservando o m\u00e1ximo de estrutura dent\u00e1ria saud\u00e1vel.<\/p><p data-start=\"5564\" data-end=\"5593\"><strong data-start=\"5564\" data-end=\"5591\">Tratamentos realizados:<\/strong><\/p><ul data-start=\"5594\" data-end=\"5720\"><li data-start=\"5594\" data-end=\"5640\"><p data-start=\"5596\" data-end=\"5640\">Restaura\u00e7\u00f5es est\u00e9ticas (resinas compostas)<\/p><\/li><li data-start=\"5641\" data-end=\"5674\"><p data-start=\"5643\" data-end=\"5674\">Corre\u00e7\u00e3o de pequenas fraturas<\/p><\/li><li data-start=\"5675\" data-end=\"5720\"><p data-start=\"5677\" data-end=\"5720\">Fecho de espa\u00e7os entre dentes (diastemas)<\/p><\/li><\/ul><p data-start=\"5722\" data-end=\"5850\"><strong data-start=\"5722\" data-end=\"5737\">Benef\u00edcios:<\/strong><br data-start=\"5737\" data-end=\"5740\" \/>\u2705 Aspeto natural e discreto<br data-start=\"5767\" data-end=\"5770\" \/>\u2705 Tratamentos r\u00e1pidos e indolores<br data-start=\"5803\" data-end=\"5806\" \/>\u2705 Melhoria imediata da est\u00e9tica do sorriso<\/p>\t\t\t\t\t\t\t\t<\/div>\n\t\t\t\t<\/div>\n\t\t<div class=\"elementor-element elementor-element-c318b52 e-con-full e-flex wpr-particle-no wpr-jarallax-no wpr-parallax-no wpr-sticky-section-no e-con e-child\" data-id=\"c318b52\" data-element_type=\"container\">\n\t\t\t\t<div class=\"elementor-element elementor-element-dc8a634 elementor-widget elementor-widget-image\" data-id=\"dc8a634\" data-element_type=\"widget\" data-widget_type=\"image.default\">\n\t\t\t\t\t\t\t\t\t\t\t\t\t\t\t<img fetchpriority=\"high\" decoding=\"async\" width=\"512\" height=\"512\" src=\"https:\/\/centromedico.pt\/wp-content\/uploads\/2025\/10\/LOGOS-6.png\" class=\"attachment-large size-large wp-image-1210\" alt=\"\" srcset=\"https:\/\/centromedico.pt\/wp-content\/uploads\/2025\/10\/LOGOS-6.png 512w, https:\/\/centromedico.pt\/wp-content\/uploads\/2025\/10\/LOGOS-6-300x300.png 300w, https:\/\/centromedico.pt\/wp-content\/uploads\/2025\/10\/LOGOS-6-150x150.png 150w\" sizes=\"(max-width: 512px) 100vw, 512px\" \/>\t\t\t\t\t\t\t\t\t\t\t\t\t\t\t<\/div>\n\t\t\t\t<\/div>\n\t\t\t\t\t<\/div>\n\t\t\t\t<\/div>\n\t\t<div class=\"elementor-element elementor-element-fcabeec e-flex e-con-boxed wpr-particle-no wpr-jarallax-no wpr-parallax-no wpr-sticky-section-no e-con e-parent\" data-id=\"fcabeec\" data-element_type=\"container\">\n\t\t\t\t\t<div class=\"e-con-inner\">\n\t\t\t\t<div class=\"elementor-element elementor-element-c935ed8 elementor-widget elementor-widget-spacer\" data-id=\"c935ed8\" data-element_type=\"widget\" data-widget_type=\"spacer.default\">\n\t\t\t\t\t\t\t<div class=\"elementor-spacer\">\n\t\t\t<div class=\"elementor-spacer-inner\"><\/div>\n\t\t<\/div>\n\t\t\t\t\t\t<\/div>\n\t\t\t\t\t<\/div>\n\t\t\t\t<\/div>\n\t\t\t\t<\/div>\n\t\t","protected":false},"excerpt":{"rendered":"<p>Tratamentos Dentisteria Recupere a est\u00e9tica e a fun\u00e7\u00e3o dos seus dentes. A dentisteria \u00e9 a especialidade que restaura dentes danificados por c\u00e1ries, fraturas ou desgaste, devolvendo-lhes a apar\u00eancia natural e resist\u00eancia.Utilizamos materiais est\u00e9ticos de alta qualidade e t\u00e9cnicas minimamente invasivas, garantindo um resultado harmonioso e duradouro. Os nossos tratamentos s\u00e3o realizados com m\u00e1xima precis\u00e3o e conforto, preservando o m\u00e1ximo de estrutura dent\u00e1ria saud\u00e1vel. Tratamentos realizados: Restaura\u00e7\u00f5es est\u00e9ticas (resinas compostas) Corre\u00e7\u00e3o de pequenas fraturas Fecho de espa\u00e7os entre dentes (diastemas) Benef\u00edcios:\u2705 Aspeto natural e discreto\u2705 Tratamentos r\u00e1pidos e indolores\u2705 Melhoria imediata da est\u00e9tica do sorriso<\/p>\n","protected":false},"author":1,"featured_media":0,"parent":0,"menu_order":0,"comment_status":"closed","ping_status":"closed","template":"elementor_canvas","meta":{"om_disable_all_campaigns":false,"_monsterinsights_skip_tracking":false,"_monsterinsights_sitenote_active":false,"_monsterinsights_sitenote_note":"","_monsterinsights_sitenote_category":0,"footnotes":""},"class_list":["post-1291","page","type-page","status-publish","hentry"],"aioseo_notices":[],"yoast_head":"<!-- This site is optimized with the Yoast SEO plugin v26.2 - https:\/\/yoast.com\/wordpress\/plugins\/seo\/ -->\n<title>Dentisteria - Centro M\u00e9dico Dent\u00e1rio de Gaia<\/title>\n<meta name=\"robots\" content=\"index, follow, max-snippet:-1, max-image-preview:large, max-video-preview:-1\" \/>\n<link rel=\"canonical\" href=\"https:\/\/centromedico.pt\/index.php\/dentisteria\/\" \/>\n<meta property=\"og:locale\" content=\"pt_PT\" \/>\n<meta property=\"og:type\" content=\"article\" \/>\n<meta property=\"og:title\" content=\"Dentisteria - Centro M\u00e9dico Dent\u00e1rio de Gaia\" \/>\n<meta property=\"og:description\" content=\"Tratamentos Dentisteria Recupere a est\u00e9tica e a fun\u00e7\u00e3o dos seus dentes. A dentisteria \u00e9 a especialidade que restaura dentes danificados por c\u00e1ries, fraturas ou desgaste, devolvendo-lhes a apar\u00eancia natural e resist\u00eancia.Utilizamos materiais est\u00e9ticos de alta qualidade e t\u00e9cnicas minimamente invasivas, garantindo um resultado harmonioso e duradouro. Os nossos tratamentos s\u00e3o realizados com m\u00e1xima precis\u00e3o e conforto, preservando o m\u00e1ximo de estrutura dent\u00e1ria saud\u00e1vel. Tratamentos realizados: Restaura\u00e7\u00f5es est\u00e9ticas (resinas compostas) Corre\u00e7\u00e3o de pequenas fraturas Fecho de espa\u00e7os entre dentes (diastemas) Benef\u00edcios:\u2705 Aspeto natural e discreto\u2705 Tratamentos r\u00e1pidos e indolores\u2705 Melhoria imediata da est\u00e9tica do sorriso\" \/>\n<meta property=\"og:url\" content=\"https:\/\/centromedico.pt\/index.php\/dentisteria\/\" \/>\n<meta property=\"og:site_name\" content=\"Centro M\u00e9dico Dent\u00e1rio de Gaia\" \/>\n<meta property=\"article:modified_time\" content=\"2025-10-13T08:19:15+00:00\" \/>\n<meta property=\"og:image\" content=\"https:\/\/centromedico.pt\/wp-content\/uploads\/2025\/10\/LOGOS-6.png\" \/>\n<meta name=\"twitter:card\" content=\"summary_large_image\" \/>\n<meta name=\"twitter:label1\" content=\"Tempo estimado de leitura\" \/>\n\t<meta name=\"twitter:data1\" content=\"1 minuto\" \/>\n<script type=\"application\/ld+json\" class=\"yoast-schema-graph\">{\"@context\":\"https:\/\/schema.org\",\"@graph\":[{\"@type\":\"WebPage\",\"@id\":\"https:\/\/centromedico.pt\/index.php\/dentisteria\/\",\"url\":\"https:\/\/centromedico.pt\/index.php\/dentisteria\/\",\"name\":\"Dentisteria - Centro M\u00e9dico Dent\u00e1rio de Gaia\",\"isPartOf\":{\"@id\":\"https:\/\/centromedico.pt\/#website\"},\"primaryImageOfPage\":{\"@id\":\"https:\/\/centromedico.pt\/index.php\/dentisteria\/#primaryimage\"},\"image\":{\"@id\":\"https:\/\/centromedico.pt\/index.php\/dentisteria\/#primaryimage\"},\"thumbnailUrl\":\"https:\/\/centromedico.pt\/wp-content\/uploads\/2025\/10\/LOGOS-6.png\",\"datePublished\":\"2025-10-13T08:02:14+00:00\",\"dateModified\":\"2025-10-13T08:19:15+00:00\",\"breadcrumb\":{\"@id\":\"https:\/\/centromedico.pt\/index.php\/dentisteria\/#breadcrumb\"},\"inLanguage\":\"pt-PT\",\"potentialAction\":[{\"@type\":\"ReadAction\",\"target\":[\"https:\/\/centromedico.pt\/index.php\/dentisteria\/\"]}]},{\"@type\":\"ImageObject\",\"inLanguage\":\"pt-PT\",\"@id\":\"https:\/\/centromedico.pt\/index.php\/dentisteria\/#primaryimage\",\"url\":\"https:\/\/centromedico.pt\/wp-content\/uploads\/2025\/10\/LOGOS-6.png\",\"contentUrl\":\"https:\/\/centromedico.pt\/wp-content\/uploads\/2025\/10\/LOGOS-6.png\",\"width\":512,\"height\":512},{\"@type\":\"BreadcrumbList\",\"@id\":\"https:\/\/centromedico.pt\/index.php\/dentisteria\/#breadcrumb\",\"itemListElement\":[{\"@type\":\"ListItem\",\"position\":1,\"name\":\"In\u00edcio\",\"item\":\"https:\/\/centromedico.pt\/\"},{\"@type\":\"ListItem\",\"position\":2,\"name\":\"Dentisteria\"}]},{\"@type\":\"WebSite\",\"@id\":\"https:\/\/centromedico.pt\/#website\",\"url\":\"https:\/\/centromedico.pt\/\",\"name\":\"Centro M\u00e9dico Dent\u00e1rio de Gaia\",\"description\":\"Dentista em V. N. de Gaia\",\"publisher\":{\"@id\":\"https:\/\/centromedico.pt\/#organization\"},\"potentialAction\":[{\"@type\":\"SearchAction\",\"target\":{\"@type\":\"EntryPoint\",\"urlTemplate\":\"https:\/\/centromedico.pt\/?s={search_term_string}\"},\"query-input\":{\"@type\":\"PropertyValueSpecification\",\"valueRequired\":true,\"valueName\":\"search_term_string\"}}],\"inLanguage\":\"pt-PT\"},{\"@type\":\"Organization\",\"@id\":\"https:\/\/centromedico.pt\/#organization\",\"name\":\"Centro M\u00e9dico Dent\u00e1rio de Gaia\",\"url\":\"https:\/\/centromedico.pt\/\",\"logo\":{\"@type\":\"ImageObject\",\"inLanguage\":\"pt-PT\",\"@id\":\"https:\/\/centromedico.pt\/#\/schema\/logo\/image\/\",\"url\":\"https:\/\/centromedico.pt\/wp-content\/uploads\/2023\/12\/logo-1-scaled.png\",\"contentUrl\":\"https:\/\/centromedico.pt\/wp-content\/uploads\/2023\/12\/logo-1-scaled.png\",\"width\":2560,\"height\":986,\"caption\":\"Centro M\u00e9dico Dent\u00e1rio de Gaia\"},\"image\":{\"@id\":\"https:\/\/centromedico.pt\/#\/schema\/logo\/image\/\"}}]}<\/script>\n<!-- \/ Yoast SEO plugin. -->","yoast_head_json":{"title":"Dentisteria - Centro M\u00e9dico Dent\u00e1rio de Gaia","robots":{"index":"index","follow":"follow","max-snippet":"max-snippet:-1","max-image-preview":"max-image-preview:large","max-video-preview":"max-video-preview:-1"},"canonical":"https:\/\/centromedico.pt\/index.php\/dentisteria\/","og_locale":"pt_PT","og_type":"article","og_title":"Dentisteria - Centro M\u00e9dico Dent\u00e1rio de Gaia","og_description":"Tratamentos Dentisteria Recupere a est\u00e9tica e a fun\u00e7\u00e3o dos seus dentes. A dentisteria \u00e9 a especialidade que restaura dentes danificados por c\u00e1ries, fraturas ou desgaste, devolvendo-lhes a apar\u00eancia natural e resist\u00eancia.Utilizamos materiais est\u00e9ticos de alta qualidade e t\u00e9cnicas minimamente invasivas, garantindo um resultado harmonioso e duradouro. Os nossos tratamentos s\u00e3o realizados com m\u00e1xima precis\u00e3o e conforto, preservando o m\u00e1ximo de estrutura dent\u00e1ria saud\u00e1vel. Tratamentos realizados: Restaura\u00e7\u00f5es est\u00e9ticas (resinas compostas) Corre\u00e7\u00e3o de pequenas fraturas Fecho de espa\u00e7os entre dentes (diastemas) Benef\u00edcios:\u2705 Aspeto natural e discreto\u2705 Tratamentos r\u00e1pidos e indolores\u2705 Melhoria imediata da est\u00e9tica do sorriso","og_url":"https:\/\/centromedico.pt\/index.php\/dentisteria\/","og_site_name":"Centro M\u00e9dico Dent\u00e1rio de Gaia","article_modified_time":"2025-10-13T08:19:15+00:00","og_image":[{"url":"https:\/\/centromedico.pt\/wp-content\/uploads\/2025\/10\/LOGOS-6.png","type":"","width":"","height":""}],"twitter_card":"summary_large_image","twitter_misc":{"Tempo estimado de leitura":"1 minuto"},"schema":{"@context":"https:\/\/schema.org","@graph":[{"@type":"WebPage","@id":"https:\/\/centromedico.pt\/index.php\/dentisteria\/","url":"https:\/\/centromedico.pt\/index.php\/dentisteria\/","name":"Dentisteria - Centro M\u00e9dico Dent\u00e1rio de Gaia","isPartOf":{"@id":"https:\/\/centromedico.pt\/#website"},"primaryImageOfPage":{"@id":"https:\/\/centromedico.pt\/index.php\/dentisteria\/#primaryimage"},"image":{"@id":"https:\/\/centromedico.pt\/index.php\/dentisteria\/#primaryimage"},"thumbnailUrl":"https:\/\/centromedico.pt\/wp-content\/uploads\/2025\/10\/LOGOS-6.png","datePublished":"2025-10-13T08:02:14+00:00","dateModified":"2025-10-13T08:19:15+00:00","breadcrumb":{"@id":"https:\/\/centromedico.pt\/index.php\/dentisteria\/#breadcrumb"},"inLanguage":"pt-PT","potentialAction":[{"@type":"ReadAction","target":["https:\/\/centromedico.pt\/index.php\/dentisteria\/"]}]},{"@type":"ImageObject","inLanguage":"pt-PT","@id":"https:\/\/centromedico.pt\/index.php\/dentisteria\/#primaryimage","url":"https:\/\/centromedico.pt\/wp-content\/uploads\/2025\/10\/LOGOS-6.png","contentUrl":"https:\/\/centromedico.pt\/wp-content\/uploads\/2025\/10\/LOGOS-6.png","width":512,"height":512},{"@type":"BreadcrumbList","@id":"https:\/\/centromedico.pt\/index.php\/dentisteria\/#breadcrumb","itemListElement":[{"@type":"ListItem","position":1,"name":"In\u00edcio","item":"https:\/\/centromedico.pt\/"},{"@type":"ListItem","position":2,"name":"Dentisteria"}]},{"@type":"WebSite","@id":"https:\/\/centromedico.pt\/#website","url":"https:\/\/centromedico.pt\/","name":"Centro M\u00e9dico Dent\u00e1rio de Gaia","description":"Dentista em V. N. de Gaia","publisher":{"@id":"https:\/\/centromedico.pt\/#organization"},"potentialAction":[{"@type":"SearchAction","target":{"@type":"EntryPoint","urlTemplate":"https:\/\/centromedico.pt\/?s={search_term_string}"},"query-input":{"@type":"PropertyValueSpecification","valueRequired":true,"valueName":"search_term_string"}}],"inLanguage":"pt-PT"},{"@type":"Organization","@id":"https:\/\/centromedico.pt\/#organization","name":"Centro M\u00e9dico Dent\u00e1rio de Gaia","url":"https:\/\/centromedico.pt\/","logo":{"@type":"ImageObject","inLanguage":"pt-PT","@id":"https:\/\/centromedico.pt\/#\/schema\/logo\/image\/","url":"https:\/\/centromedico.pt\/wp-content\/uploads\/2023\/12\/logo-1-scaled.png","contentUrl":"https:\/\/centromedico.pt\/wp-content\/uploads\/2023\/12\/logo-1-scaled.png","width":2560,"height":986,"caption":"Centro M\u00e9dico Dent\u00e1rio de Gaia"},"image":{"@id":"https:\/\/centromedico.pt\/#\/schema\/logo\/image\/"}}]}},"_links":{"self":[{"href":"https:\/\/centromedico.pt\/index.php\/wp-json\/wp\/v2\/pages\/1291","targetHints":{"allow":["GET"]}}],"collection":[{"href":"https:\/\/centromedico.pt\/index.php\/wp-json\/wp\/v2\/pages"}],"about":[{"href":"https:\/\/centromedico.pt\/index.php\/wp-json\/wp\/v2\/types\/page"}],"author":[{"embeddable":true,"href":"https:\/\/centromedico.pt\/index.php\/wp-json\/wp\/v2\/users\/1"}],"replies":[{"embeddable":true,"href":"https:\/\/centromedico.pt\/index.php\/wp-json\/wp\/v2\/comments?post=1291"}],"version-history":[{"count":12,"href":"https:\/\/centromedico.pt\/index.php\/wp-json\/wp\/v2\/pages\/1291\/revisions"}],"predecessor-version":[{"id":1364,"href":"https:\/\/centromedico.pt\/index.php\/wp-json\/wp\/v2\/pages\/1291\/revisions\/1364"}],"wp:attachment":[{"href":"https:\/\/centromedico.pt\/index.php\/wp-json\/wp\/v2\/media?parent=1291"}],"curies":[{"name":"wp","href":"https:\/\/api.w.org\/{rel}","templated":true}]}}