{"id":1273,"date":"2025-10-13T08:00:07","date_gmt":"2025-10-13T08:00:07","guid":{"rendered":"https:\/\/centromedico.innovstar.pt\/?page_id=1273"},"modified":"2025-10-13T08:18:36","modified_gmt":"2025-10-13T08:18:36","slug":"endodontia","status":"publish","type":"page","link":"https:\/\/centromedico.pt\/index.php\/endodontia\/","title":{"rendered":"Endodontia"},"content":{"rendered":"\t\t<div data-elementor-type=\"wp-page\" data-elementor-id=\"1273\" class=\"elementor elementor-1273\">\n\t\t\t\t\t\t<section class=\"elementor-section elementor-top-section elementor-element elementor-element-c29a3c5 elementor-section-boxed elementor-section-height-default elementor-section-height-default wpr-particle-no wpr-jarallax-no wpr-parallax-no wpr-sticky-section-no\" data-id=\"c29a3c5\" data-element_type=\"section\" data-settings=\"{&quot;background_background&quot;:&quot;classic&quot;}\">\n\t\t\t\t\t\t\t<div class=\"elementor-background-overlay\"><\/div>\n\t\t\t\t\t\t\t<div class=\"elementor-container elementor-column-gap-default\">\n\t\t\t\t\t<div class=\"elementor-column elementor-col-100 elementor-top-column elementor-element elementor-element-c7f4bb6\" data-id=\"c7f4bb6\" data-element_type=\"column\">\n\t\t\t<div class=\"elementor-widget-wrap elementor-element-populated\">\n\t\t\t\t\t\t<div class=\"elementor-element elementor-element-b1faa16 elementor-widget elementor-widget-heading\" data-id=\"b1faa16\" data-element_type=\"widget\" data-widget_type=\"heading.default\">\n\t\t\t\t\t<h2 class=\"elementor-heading-title elementor-size-default\">Tratamentos<\/h2>\t\t\t\t<\/div>\n\t\t\t\t\t<\/div>\n\t\t<\/div>\n\t\t\t\t\t<\/div>\n\t\t<\/section>\n\t\t<div class=\"elementor-element elementor-element-8068f6e e-flex e-con-boxed wpr-particle-no wpr-jarallax-no wpr-parallax-no wpr-sticky-section-no e-con e-parent\" data-id=\"8068f6e\" data-element_type=\"container\">\n\t\t\t\t\t<div class=\"e-con-inner\">\n\t\t\t\t<div class=\"elementor-element elementor-element-e9d258b elementor-widget elementor-widget-spacer\" data-id=\"e9d258b\" data-element_type=\"widget\" data-widget_type=\"spacer.default\">\n\t\t\t\t\t\t\t<div class=\"elementor-spacer\">\n\t\t\t<div class=\"elementor-spacer-inner\"><\/div>\n\t\t<\/div>\n\t\t\t\t\t\t<\/div>\n\t\t\t\t\t<\/div>\n\t\t\t\t<\/div>\n\t\t<div class=\"elementor-element elementor-element-38445ea e-flex e-con-boxed wpr-particle-no wpr-jarallax-no wpr-parallax-no wpr-sticky-section-no e-con e-parent\" data-id=\"38445ea\" data-element_type=\"container\">\n\t\t\t\t\t<div class=\"e-con-inner\">\n\t\t<div class=\"elementor-element elementor-element-f1e68e9 e-con-full e-flex wpr-particle-no wpr-jarallax-no wpr-parallax-no wpr-sticky-section-no e-con e-child\" data-id=\"f1e68e9\" data-element_type=\"container\">\n\t\t\t\t<div class=\"elementor-element elementor-element-44ccbad elementor-widget elementor-widget-heading\" data-id=\"44ccbad\" data-element_type=\"widget\" data-widget_type=\"heading.default\">\n\t\t\t\t\t<h2 class=\"elementor-heading-title elementor-size-default\">Endodontia<\/h2>\t\t\t\t<\/div>\n\t\t\t\t<div class=\"elementor-element elementor-element-34aa3f6 elementor-widget elementor-widget-text-editor\" data-id=\"34aa3f6\" data-element_type=\"widget\" data-widget_type=\"text-editor.default\">\n\t\t\t\t\t\t\t\t\t<p data-start=\"1208\" data-end=\"1256\"><strong data-start=\"1208\" data-end=\"1256\">Salve o seu dente de forma indolor e eficaz.<\/strong><\/p><p data-start=\"1258\" data-end=\"1563\">A endodontia (tratamento de canal) \u00e9 a \u00e1rea que trata o <strong data-start=\"1314\" data-end=\"1335\">interior do dente<\/strong>, removendo tecidos infetados e preservando a estrutura natural sempre que poss\u00edvel.<br data-start=\"1419\" data-end=\"1422\" \/>Gra\u00e7as aos avan\u00e7os tecnol\u00f3gicos, este procedimento \u00e9 <strong data-start=\"1475\" data-end=\"1516\">r\u00e1pido, seguro e praticamente indolor<\/strong>, devolvendo a sa\u00fade e fun\u00e7\u00e3o do dente afetado.<\/p><p data-start=\"1565\" data-end=\"1731\">No nosso centro, recorremos a <strong data-start=\"1595\" data-end=\"1669\">microscopia, radiografia digital e t\u00e9cnicas modernas de instrumenta\u00e7\u00e3o<\/strong>, que aumentam a precis\u00e3o e reduzem o desconforto do paciente.<\/p><p data-start=\"1733\" data-end=\"1759\"><strong data-start=\"1733\" data-end=\"1757\">Quando \u00e9 necess\u00e1ria:<\/strong><\/p><ul data-start=\"1760\" data-end=\"1874\"><li data-start=\"1760\" data-end=\"1804\"><p data-start=\"1762\" data-end=\"1804\">Dor intensa ou sensibilidade prolongada;<\/p><\/li><li data-start=\"1805\" data-end=\"1839\"><p data-start=\"1807\" data-end=\"1839\">Infe\u00e7\u00f5es e abcessos dent\u00e1rios;<\/p><\/li><li data-start=\"1840\" data-end=\"1874\"><p data-start=\"1842\" data-end=\"1874\">Fraturas ou traumas dent\u00e1rios.<\/p><\/li><\/ul><p data-start=\"1876\" data-end=\"1980\"><strong data-start=\"1876\" data-end=\"1891\">Benef\u00edcios:<\/strong><br data-start=\"1891\" data-end=\"1894\" \/>\u2705 Evita a extra\u00e7\u00e3o do dente<br data-start=\"1921\" data-end=\"1924\" \/>\u2705 Elimina dor e infe\u00e7\u00e3o<br data-start=\"1947\" data-end=\"1950\" \/>\u2705 Preserva o sorriso natural<\/p>\t\t\t\t\t\t\t\t<\/div>\n\t\t\t\t<\/div>\n\t\t<div class=\"elementor-element elementor-element-c318b52 e-con-full e-flex wpr-particle-no wpr-jarallax-no wpr-parallax-no wpr-sticky-section-no e-con e-child\" data-id=\"c318b52\" data-element_type=\"container\">\n\t\t\t\t<div class=\"elementor-element elementor-element-dc8a634 elementor-widget elementor-widget-image\" data-id=\"dc8a634\" data-element_type=\"widget\" data-widget_type=\"image.default\">\n\t\t\t\t\t\t\t\t\t\t\t\t\t\t\t<img fetchpriority=\"high\" decoding=\"async\" width=\"512\" height=\"512\" src=\"https:\/\/centromedico.pt\/wp-content\/uploads\/2025\/10\/LOGOS-1.png\" class=\"attachment-large size-large wp-image-1205\" alt=\"\" srcset=\"https:\/\/centromedico.pt\/wp-content\/uploads\/2025\/10\/LOGOS-1.png 512w, https:\/\/centromedico.pt\/wp-content\/uploads\/2025\/10\/LOGOS-1-300x300.png 300w, https:\/\/centromedico.pt\/wp-content\/uploads\/2025\/10\/LOGOS-1-150x150.png 150w\" sizes=\"(max-width: 512px) 100vw, 512px\" \/>\t\t\t\t\t\t\t\t\t\t\t\t\t\t\t<\/div>\n\t\t\t\t<\/div>\n\t\t\t\t\t<\/div>\n\t\t\t\t<\/div>\n\t\t<div class=\"elementor-element elementor-element-c9c8c3f e-flex e-con-boxed wpr-particle-no wpr-jarallax-no wpr-parallax-no wpr-sticky-section-no e-con e-parent\" data-id=\"c9c8c3f\" data-element_type=\"container\">\n\t\t\t\t\t<div class=\"e-con-inner\">\n\t\t\t\t<div class=\"elementor-element elementor-element-4367384 elementor-widget elementor-widget-spacer\" data-id=\"4367384\" data-element_type=\"widget\" data-widget_type=\"spacer.default\">\n\t\t\t\t\t\t\t<div class=\"elementor-spacer\">\n\t\t\t<div class=\"elementor-spacer-inner\"><\/div>\n\t\t<\/div>\n\t\t\t\t\t\t<\/div>\n\t\t\t\t\t<\/div>\n\t\t\t\t<\/div>\n\t\t\t\t<\/div>\n\t\t","protected":false},"excerpt":{"rendered":"<p>Tratamentos Endodontia Salve o seu dente de forma indolor e eficaz. A endodontia (tratamento de canal) \u00e9 a \u00e1rea que trata o interior do dente, removendo tecidos infetados e preservando a estrutura natural sempre que poss\u00edvel.Gra\u00e7as aos avan\u00e7os tecnol\u00f3gicos, este procedimento \u00e9 r\u00e1pido, seguro e praticamente indolor, devolvendo a sa\u00fade e fun\u00e7\u00e3o do dente afetado. No nosso centro, recorremos a microscopia, radiografia digital e t\u00e9cnicas modernas de instrumenta\u00e7\u00e3o, que aumentam a precis\u00e3o e reduzem o desconforto do paciente. Quando \u00e9 necess\u00e1ria: Dor intensa ou sensibilidade prolongada; Infe\u00e7\u00f5es e abcessos dent\u00e1rios; Fraturas ou traumas dent\u00e1rios. Benef\u00edcios:\u2705 Evita a extra\u00e7\u00e3o do dente\u2705 Elimina dor e infe\u00e7\u00e3o\u2705 Preserva o sorriso natural<\/p>\n","protected":false},"author":1,"featured_media":0,"parent":0,"menu_order":0,"comment_status":"closed","ping_status":"closed","template":"elementor_canvas","meta":{"om_disable_all_campaigns":false,"_monsterinsights_skip_tracking":false,"_monsterinsights_sitenote_active":false,"_monsterinsights_sitenote_note":"","_monsterinsights_sitenote_category":0,"footnotes":""},"class_list":["post-1273","page","type-page","status-publish","hentry"],"aioseo_notices":[],"yoast_head":"<!-- This site is optimized with the Yoast SEO plugin v26.2 - https:\/\/yoast.com\/wordpress\/plugins\/seo\/ -->\n<title>Endodontia - Centro M\u00e9dico Dent\u00e1rio de Gaia<\/title>\n<meta name=\"robots\" content=\"index, follow, max-snippet:-1, max-image-preview:large, max-video-preview:-1\" \/>\n<link rel=\"canonical\" href=\"https:\/\/centromedico.pt\/index.php\/endodontia\/\" \/>\n<meta property=\"og:locale\" content=\"pt_PT\" \/>\n<meta property=\"og:type\" content=\"article\" \/>\n<meta property=\"og:title\" content=\"Endodontia - Centro M\u00e9dico Dent\u00e1rio de Gaia\" \/>\n<meta property=\"og:description\" content=\"Tratamentos Endodontia Salve o seu dente de forma indolor e eficaz. A endodontia (tratamento de canal) \u00e9 a \u00e1rea que trata o interior do dente, removendo tecidos infetados e preservando a estrutura natural sempre que poss\u00edvel.Gra\u00e7as aos avan\u00e7os tecnol\u00f3gicos, este procedimento \u00e9 r\u00e1pido, seguro e praticamente indolor, devolvendo a sa\u00fade e fun\u00e7\u00e3o do dente afetado. No nosso centro, recorremos a microscopia, radiografia digital e t\u00e9cnicas modernas de instrumenta\u00e7\u00e3o, que aumentam a precis\u00e3o e reduzem o desconforto do paciente. Quando \u00e9 necess\u00e1ria: Dor intensa ou sensibilidade prolongada; Infe\u00e7\u00f5es e abcessos dent\u00e1rios; Fraturas ou traumas dent\u00e1rios. Benef\u00edcios:\u2705 Evita a extra\u00e7\u00e3o do dente\u2705 Elimina dor e infe\u00e7\u00e3o\u2705 Preserva o sorriso natural\" \/>\n<meta property=\"og:url\" content=\"https:\/\/centromedico.pt\/index.php\/endodontia\/\" \/>\n<meta property=\"og:site_name\" content=\"Centro M\u00e9dico Dent\u00e1rio de Gaia\" \/>\n<meta property=\"article:modified_time\" content=\"2025-10-13T08:18:36+00:00\" \/>\n<meta property=\"og:image\" content=\"https:\/\/centromedico.pt\/wp-content\/uploads\/2025\/10\/LOGOS-1.png\" \/>\n<meta name=\"twitter:card\" content=\"summary_large_image\" \/>\n<meta name=\"twitter:label1\" content=\"Tempo estimado de leitura\" \/>\n\t<meta name=\"twitter:data1\" content=\"1 minuto\" \/>\n<script type=\"application\/ld+json\" class=\"yoast-schema-graph\">{\"@context\":\"https:\/\/schema.org\",\"@graph\":[{\"@type\":\"WebPage\",\"@id\":\"https:\/\/centromedico.pt\/index.php\/endodontia\/\",\"url\":\"https:\/\/centromedico.pt\/index.php\/endodontia\/\",\"name\":\"Endodontia - Centro M\u00e9dico Dent\u00e1rio de Gaia\",\"isPartOf\":{\"@id\":\"https:\/\/centromedico.pt\/#website\"},\"primaryImageOfPage\":{\"@id\":\"https:\/\/centromedico.pt\/index.php\/endodontia\/#primaryimage\"},\"image\":{\"@id\":\"https:\/\/centromedico.pt\/index.php\/endodontia\/#primaryimage\"},\"thumbnailUrl\":\"https:\/\/centromedico.pt\/wp-content\/uploads\/2025\/10\/LOGOS-1.png\",\"datePublished\":\"2025-10-13T08:00:07+00:00\",\"dateModified\":\"2025-10-13T08:18:36+00:00\",\"breadcrumb\":{\"@id\":\"https:\/\/centromedico.pt\/index.php\/endodontia\/#breadcrumb\"},\"inLanguage\":\"pt-PT\",\"potentialAction\":[{\"@type\":\"ReadAction\",\"target\":[\"https:\/\/centromedico.pt\/index.php\/endodontia\/\"]}]},{\"@type\":\"ImageObject\",\"inLanguage\":\"pt-PT\",\"@id\":\"https:\/\/centromedico.pt\/index.php\/endodontia\/#primaryimage\",\"url\":\"https:\/\/centromedico.pt\/wp-content\/uploads\/2025\/10\/LOGOS-1.png\",\"contentUrl\":\"https:\/\/centromedico.pt\/wp-content\/uploads\/2025\/10\/LOGOS-1.png\",\"width\":512,\"height\":512},{\"@type\":\"BreadcrumbList\",\"@id\":\"https:\/\/centromedico.pt\/index.php\/endodontia\/#breadcrumb\",\"itemListElement\":[{\"@type\":\"ListItem\",\"position\":1,\"name\":\"In\u00edcio\",\"item\":\"https:\/\/centromedico.pt\/\"},{\"@type\":\"ListItem\",\"position\":2,\"name\":\"Endodontia\"}]},{\"@type\":\"WebSite\",\"@id\":\"https:\/\/centromedico.pt\/#website\",\"url\":\"https:\/\/centromedico.pt\/\",\"name\":\"Centro M\u00e9dico Dent\u00e1rio de Gaia\",\"description\":\"Dentista em V. N. de Gaia\",\"publisher\":{\"@id\":\"https:\/\/centromedico.pt\/#organization\"},\"potentialAction\":[{\"@type\":\"SearchAction\",\"target\":{\"@type\":\"EntryPoint\",\"urlTemplate\":\"https:\/\/centromedico.pt\/?s={search_term_string}\"},\"query-input\":{\"@type\":\"PropertyValueSpecification\",\"valueRequired\":true,\"valueName\":\"search_term_string\"}}],\"inLanguage\":\"pt-PT\"},{\"@type\":\"Organization\",\"@id\":\"https:\/\/centromedico.pt\/#organization\",\"name\":\"Centro M\u00e9dico Dent\u00e1rio de Gaia\",\"url\":\"https:\/\/centromedico.pt\/\",\"logo\":{\"@type\":\"ImageObject\",\"inLanguage\":\"pt-PT\",\"@id\":\"https:\/\/centromedico.pt\/#\/schema\/logo\/image\/\",\"url\":\"https:\/\/centromedico.pt\/wp-content\/uploads\/2023\/12\/logo-1-scaled.png\",\"contentUrl\":\"https:\/\/centromedico.pt\/wp-content\/uploads\/2023\/12\/logo-1-scaled.png\",\"width\":2560,\"height\":986,\"caption\":\"Centro M\u00e9dico Dent\u00e1rio de Gaia\"},\"image\":{\"@id\":\"https:\/\/centromedico.pt\/#\/schema\/logo\/image\/\"}}]}<\/script>\n<!-- \/ Yoast SEO plugin. -->","yoast_head_json":{"title":"Endodontia - Centro M\u00e9dico Dent\u00e1rio de Gaia","robots":{"index":"index","follow":"follow","max-snippet":"max-snippet:-1","max-image-preview":"max-image-preview:large","max-video-preview":"max-video-preview:-1"},"canonical":"https:\/\/centromedico.pt\/index.php\/endodontia\/","og_locale":"pt_PT","og_type":"article","og_title":"Endodontia - Centro M\u00e9dico Dent\u00e1rio de Gaia","og_description":"Tratamentos Endodontia Salve o seu dente de forma indolor e eficaz. A endodontia (tratamento de canal) \u00e9 a \u00e1rea que trata o interior do dente, removendo tecidos infetados e preservando a estrutura natural sempre que poss\u00edvel.Gra\u00e7as aos avan\u00e7os tecnol\u00f3gicos, este procedimento \u00e9 r\u00e1pido, seguro e praticamente indolor, devolvendo a sa\u00fade e fun\u00e7\u00e3o do dente afetado. No nosso centro, recorremos a microscopia, radiografia digital e t\u00e9cnicas modernas de instrumenta\u00e7\u00e3o, que aumentam a precis\u00e3o e reduzem o desconforto do paciente. Quando \u00e9 necess\u00e1ria: Dor intensa ou sensibilidade prolongada; Infe\u00e7\u00f5es e abcessos dent\u00e1rios; Fraturas ou traumas dent\u00e1rios. Benef\u00edcios:\u2705 Evita a extra\u00e7\u00e3o do dente\u2705 Elimina dor e infe\u00e7\u00e3o\u2705 Preserva o sorriso natural","og_url":"https:\/\/centromedico.pt\/index.php\/endodontia\/","og_site_name":"Centro M\u00e9dico Dent\u00e1rio de Gaia","article_modified_time":"2025-10-13T08:18:36+00:00","og_image":[{"url":"https:\/\/centromedico.pt\/wp-content\/uploads\/2025\/10\/LOGOS-1.png","type":"","width":"","height":""}],"twitter_card":"summary_large_image","twitter_misc":{"Tempo estimado de leitura":"1 minuto"},"schema":{"@context":"https:\/\/schema.org","@graph":[{"@type":"WebPage","@id":"https:\/\/centromedico.pt\/index.php\/endodontia\/","url":"https:\/\/centromedico.pt\/index.php\/endodontia\/","name":"Endodontia - Centro M\u00e9dico Dent\u00e1rio de Gaia","isPartOf":{"@id":"https:\/\/centromedico.pt\/#website"},"primaryImageOfPage":{"@id":"https:\/\/centromedico.pt\/index.php\/endodontia\/#primaryimage"},"image":{"@id":"https:\/\/centromedico.pt\/index.php\/endodontia\/#primaryimage"},"thumbnailUrl":"https:\/\/centromedico.pt\/wp-content\/uploads\/2025\/10\/LOGOS-1.png","datePublished":"2025-10-13T08:00:07+00:00","dateModified":"2025-10-13T08:18:36+00:00","breadcrumb":{"@id":"https:\/\/centromedico.pt\/index.php\/endodontia\/#breadcrumb"},"inLanguage":"pt-PT","potentialAction":[{"@type":"ReadAction","target":["https:\/\/centromedico.pt\/index.php\/endodontia\/"]}]},{"@type":"ImageObject","inLanguage":"pt-PT","@id":"https:\/\/centromedico.pt\/index.php\/endodontia\/#primaryimage","url":"https:\/\/centromedico.pt\/wp-content\/uploads\/2025\/10\/LOGOS-1.png","contentUrl":"https:\/\/centromedico.pt\/wp-content\/uploads\/2025\/10\/LOGOS-1.png","width":512,"height":512},{"@type":"BreadcrumbList","@id":"https:\/\/centromedico.pt\/index.php\/endodontia\/#breadcrumb","itemListElement":[{"@type":"ListItem","position":1,"name":"In\u00edcio","item":"https:\/\/centromedico.pt\/"},{"@type":"ListItem","position":2,"name":"Endodontia"}]},{"@type":"WebSite","@id":"https:\/\/centromedico.pt\/#website","url":"https:\/\/centromedico.pt\/","name":"Centro M\u00e9dico Dent\u00e1rio de Gaia","description":"Dentista em V. N. de Gaia","publisher":{"@id":"https:\/\/centromedico.pt\/#organization"},"potentialAction":[{"@type":"SearchAction","target":{"@type":"EntryPoint","urlTemplate":"https:\/\/centromedico.pt\/?s={search_term_string}"},"query-input":{"@type":"PropertyValueSpecification","valueRequired":true,"valueName":"search_term_string"}}],"inLanguage":"pt-PT"},{"@type":"Organization","@id":"https:\/\/centromedico.pt\/#organization","name":"Centro M\u00e9dico Dent\u00e1rio de Gaia","url":"https:\/\/centromedico.pt\/","logo":{"@type":"ImageObject","inLanguage":"pt-PT","@id":"https:\/\/centromedico.pt\/#\/schema\/logo\/image\/","url":"https:\/\/centromedico.pt\/wp-content\/uploads\/2023\/12\/logo-1-scaled.png","contentUrl":"https:\/\/centromedico.pt\/wp-content\/uploads\/2023\/12\/logo-1-scaled.png","width":2560,"height":986,"caption":"Centro M\u00e9dico Dent\u00e1rio de Gaia"},"image":{"@id":"https:\/\/centromedico.pt\/#\/schema\/logo\/image\/"}}]}},"_links":{"self":[{"href":"https:\/\/centromedico.pt\/index.php\/wp-json\/wp\/v2\/pages\/1273","targetHints":{"allow":["GET"]}}],"collection":[{"href":"https:\/\/centromedico.pt\/index.php\/wp-json\/wp\/v2\/pages"}],"about":[{"href":"https:\/\/centromedico.pt\/index.php\/wp-json\/wp\/v2\/types\/page"}],"author":[{"embeddable":true,"href":"https:\/\/centromedico.pt\/index.php\/wp-json\/wp\/v2\/users\/1"}],"replies":[{"embeddable":true,"href":"https:\/\/centromedico.pt\/index.php\/wp-json\/wp\/v2\/comments?post=1273"}],"version-history":[{"count":10,"href":"https:\/\/centromedico.pt\/index.php\/wp-json\/wp\/v2\/pages\/1273\/revisions"}],"predecessor-version":[{"id":1358,"href":"https:\/\/centromedico.pt\/index.php\/wp-json\/wp\/v2\/pages\/1273\/revisions\/1358"}],"wp:attachment":[{"href":"https:\/\/centromedico.pt\/index.php\/wp-json\/wp\/v2\/media?parent=1273"}],"curies":[{"name":"wp","href":"https:\/\/api.w.org\/{rel}","templated":true}]}}