{"id":1271,"date":"2025-10-13T07:59:34","date_gmt":"2025-10-13T07:59:34","guid":{"rendered":"https:\/\/centromedico.innovstar.pt\/?page_id=1271"},"modified":"2025-10-13T08:17:55","modified_gmt":"2025-10-13T08:17:55","slug":"ortodontia","status":"publish","type":"page","link":"https:\/\/centromedico.pt\/index.php\/ortodontia\/","title":{"rendered":"Ortodontia"},"content":{"rendered":"\t\t<div data-elementor-type=\"wp-page\" data-elementor-id=\"1271\" class=\"elementor elementor-1271\">\n\t\t\t\t\t\t<section class=\"elementor-section elementor-top-section elementor-element elementor-element-c29a3c5 elementor-section-boxed elementor-section-height-default elementor-section-height-default wpr-particle-no wpr-jarallax-no wpr-parallax-no wpr-sticky-section-no\" data-id=\"c29a3c5\" data-element_type=\"section\" data-settings=\"{&quot;background_background&quot;:&quot;classic&quot;}\">\n\t\t\t\t\t\t\t<div class=\"elementor-background-overlay\"><\/div>\n\t\t\t\t\t\t\t<div class=\"elementor-container elementor-column-gap-default\">\n\t\t\t\t\t<div class=\"elementor-column elementor-col-100 elementor-top-column elementor-element elementor-element-c7f4bb6\" data-id=\"c7f4bb6\" data-element_type=\"column\">\n\t\t\t<div class=\"elementor-widget-wrap elementor-element-populated\">\n\t\t\t\t\t\t<div class=\"elementor-element elementor-element-b1faa16 elementor-widget elementor-widget-heading\" data-id=\"b1faa16\" data-element_type=\"widget\" data-widget_type=\"heading.default\">\n\t\t\t\t\t<h2 class=\"elementor-heading-title elementor-size-default\">Tratamentos<\/h2>\t\t\t\t<\/div>\n\t\t\t\t\t<\/div>\n\t\t<\/div>\n\t\t\t\t\t<\/div>\n\t\t<\/section>\n\t\t<div class=\"elementor-element elementor-element-8068f6e e-flex e-con-boxed wpr-particle-no wpr-jarallax-no wpr-parallax-no wpr-sticky-section-no e-con e-parent\" data-id=\"8068f6e\" data-element_type=\"container\">\n\t\t\t\t\t<div class=\"e-con-inner\">\n\t\t\t\t<div class=\"elementor-element elementor-element-e9d258b elementor-widget elementor-widget-spacer\" data-id=\"e9d258b\" data-element_type=\"widget\" data-widget_type=\"spacer.default\">\n\t\t\t\t\t\t\t<div class=\"elementor-spacer\">\n\t\t\t<div class=\"elementor-spacer-inner\"><\/div>\n\t\t<\/div>\n\t\t\t\t\t\t<\/div>\n\t\t\t\t\t<\/div>\n\t\t\t\t<\/div>\n\t\t<div class=\"elementor-element elementor-element-38445ea e-flex e-con-boxed wpr-particle-no wpr-jarallax-no wpr-parallax-no wpr-sticky-section-no e-con e-parent\" data-id=\"38445ea\" data-element_type=\"container\">\n\t\t\t\t\t<div class=\"e-con-inner\">\n\t\t<div class=\"elementor-element elementor-element-f1e68e9 e-con-full e-flex wpr-particle-no wpr-jarallax-no wpr-parallax-no wpr-sticky-section-no e-con e-child\" data-id=\"f1e68e9\" data-element_type=\"container\">\n\t\t\t\t<div class=\"elementor-element elementor-element-44ccbad elementor-widget elementor-widget-heading\" data-id=\"44ccbad\" data-element_type=\"widget\" data-widget_type=\"heading.default\">\n\t\t\t\t\t<h2 class=\"elementor-heading-title elementor-size-default\">Ortodontia<\/h2>\t\t\t\t<\/div>\n\t\t\t\t<div class=\"elementor-element elementor-element-34aa3f6 elementor-widget elementor-widget-text-editor\" data-id=\"34aa3f6\" data-element_type=\"widget\" data-widget_type=\"text-editor.default\">\n\t\t\t\t\t\t\t\t\t<p data-start=\"2859\" data-end=\"2909\"><strong data-start=\"2859\" data-end=\"2909\">Alinhe o seu sorriso com conforto e discri\u00e7\u00e3o.<\/strong><\/p><p data-start=\"2911\" data-end=\"3232\">A ortodontia corrige o <strong data-start=\"2934\" data-end=\"2975\">posicionamento dos dentes e maxilares<\/strong>, melhorando n\u00e3o apenas a est\u00e9tica, mas tamb\u00e9m a fun\u00e7\u00e3o mastigat\u00f3ria e a sa\u00fade oral.<br data-start=\"3059\" data-end=\"3062\" \/>Oferecemos solu\u00e7\u00f5es modernas, incluindo <strong data-start=\"3102\" data-end=\"3170\">aparelhos fixos met\u00e1licos, est\u00e9ticos e alinhadores transparentes<\/strong>, adaptados \u00e0s necessidades e estilo de vida de cada paciente.<\/p><p data-start=\"3234\" data-end=\"3367\">Cada tratamento \u00e9 precedido por um <strong data-start=\"3269\" data-end=\"3300\">estudo ortod\u00f4ntico completo<\/strong>, com radiografias, fotografias e simula\u00e7\u00e3o digital dos resultados.<\/p><p data-start=\"3369\" data-end=\"3394\"><strong data-start=\"3369\" data-end=\"3392\">Problemas tratados:<\/strong><\/p><ul data-start=\"3395\" data-end=\"3498\"><li data-start=\"3395\" data-end=\"3433\"><p data-start=\"3397\" data-end=\"3433\">Dentes desalinhados ou sobrepostos<\/p><\/li><li data-start=\"3434\" data-end=\"3473\"><p data-start=\"3436\" data-end=\"3473\">Mordida cruzada, aberta ou profunda<\/p><\/li><li data-start=\"3474\" data-end=\"3498\"><p data-start=\"3476\" data-end=\"3498\">Espa\u00e7os entre dentes<\/p><\/li><\/ul><p data-start=\"3500\" data-end=\"3619\"><strong data-start=\"3500\" data-end=\"3515\">Benef\u00edcios:<\/strong><br data-start=\"3515\" data-end=\"3518\" \/>\u2705 Melhoria est\u00e9tica e funcional<br data-start=\"3549\" data-end=\"3552\" \/>\u2705 Higiene oral facilitada<br data-start=\"3577\" data-end=\"3580\" \/>\u2705 Resultados duradouros e previs\u00edveis<\/p>\t\t\t\t\t\t\t\t<\/div>\n\t\t\t\t<\/div>\n\t\t<div class=\"elementor-element elementor-element-c318b52 e-con-full e-flex wpr-particle-no wpr-jarallax-no wpr-parallax-no wpr-sticky-section-no e-con e-child\" data-id=\"c318b52\" data-element_type=\"container\">\n\t\t\t\t<div class=\"elementor-element elementor-element-dc8a634 elementor-widget elementor-widget-image\" data-id=\"dc8a634\" data-element_type=\"widget\" data-widget_type=\"image.default\">\n\t\t\t\t\t\t\t\t\t\t\t\t\t\t\t<img fetchpriority=\"high\" decoding=\"async\" width=\"512\" height=\"512\" src=\"https:\/\/centromedico.pt\/wp-content\/uploads\/2025\/10\/LOGOS-3.png\" class=\"attachment-large size-large wp-image-1207\" alt=\"\" srcset=\"https:\/\/centromedico.pt\/wp-content\/uploads\/2025\/10\/LOGOS-3.png 512w, https:\/\/centromedico.pt\/wp-content\/uploads\/2025\/10\/LOGOS-3-300x300.png 300w, https:\/\/centromedico.pt\/wp-content\/uploads\/2025\/10\/LOGOS-3-150x150.png 150w\" sizes=\"(max-width: 512px) 100vw, 512px\" \/>\t\t\t\t\t\t\t\t\t\t\t\t\t\t\t<\/div>\n\t\t\t\t<\/div>\n\t\t\t\t\t<\/div>\n\t\t\t\t<\/div>\n\t\t<div class=\"elementor-element elementor-element-275db2c e-flex e-con-boxed wpr-particle-no wpr-jarallax-no wpr-parallax-no wpr-sticky-section-no e-con e-parent\" data-id=\"275db2c\" data-element_type=\"container\">\n\t\t\t\t\t<div class=\"e-con-inner\">\n\t\t\t\t<div class=\"elementor-element elementor-element-d5c7d87 elementor-widget elementor-widget-spacer\" data-id=\"d5c7d87\" data-element_type=\"widget\" data-widget_type=\"spacer.default\">\n\t\t\t\t\t\t\t<div class=\"elementor-spacer\">\n\t\t\t<div class=\"elementor-spacer-inner\"><\/div>\n\t\t<\/div>\n\t\t\t\t\t\t<\/div>\n\t\t\t\t\t<\/div>\n\t\t\t\t<\/div>\n\t\t\t\t<\/div>\n\t\t","protected":false},"excerpt":{"rendered":"<p>Tratamentos Ortodontia Alinhe o seu sorriso com conforto e discri\u00e7\u00e3o. A ortodontia corrige o posicionamento dos dentes e maxilares, melhorando n\u00e3o apenas a est\u00e9tica, mas tamb\u00e9m a fun\u00e7\u00e3o mastigat\u00f3ria e a sa\u00fade oral.Oferecemos solu\u00e7\u00f5es modernas, incluindo aparelhos fixos met\u00e1licos, est\u00e9ticos e alinhadores transparentes, adaptados \u00e0s necessidades e estilo de vida de cada paciente. Cada tratamento \u00e9 precedido por um estudo ortod\u00f4ntico completo, com radiografias, fotografias e simula\u00e7\u00e3o digital dos resultados. Problemas tratados: Dentes desalinhados ou sobrepostos Mordida cruzada, aberta ou profunda Espa\u00e7os entre dentes Benef\u00edcios:\u2705 Melhoria est\u00e9tica e funcional\u2705 Higiene oral facilitada\u2705 Resultados duradouros e previs\u00edveis<\/p>\n","protected":false},"author":1,"featured_media":0,"parent":0,"menu_order":0,"comment_status":"closed","ping_status":"closed","template":"elementor_canvas","meta":{"om_disable_all_campaigns":false,"_monsterinsights_skip_tracking":false,"_monsterinsights_sitenote_active":false,"_monsterinsights_sitenote_note":"","_monsterinsights_sitenote_category":0,"footnotes":""},"class_list":["post-1271","page","type-page","status-publish","hentry"],"aioseo_notices":[],"yoast_head":"<!-- This site is optimized with the Yoast SEO plugin v26.2 - https:\/\/yoast.com\/wordpress\/plugins\/seo\/ -->\n<title>Ortodontia - Centro M\u00e9dico Dent\u00e1rio de Gaia<\/title>\n<meta name=\"robots\" content=\"index, follow, max-snippet:-1, max-image-preview:large, max-video-preview:-1\" \/>\n<link rel=\"canonical\" href=\"https:\/\/centromedico.pt\/index.php\/ortodontia\/\" \/>\n<meta property=\"og:locale\" content=\"pt_PT\" \/>\n<meta property=\"og:type\" content=\"article\" \/>\n<meta property=\"og:title\" content=\"Ortodontia - Centro M\u00e9dico Dent\u00e1rio de Gaia\" \/>\n<meta property=\"og:description\" content=\"Tratamentos Ortodontia Alinhe o seu sorriso com conforto e discri\u00e7\u00e3o. A ortodontia corrige o posicionamento dos dentes e maxilares, melhorando n\u00e3o apenas a est\u00e9tica, mas tamb\u00e9m a fun\u00e7\u00e3o mastigat\u00f3ria e a sa\u00fade oral.Oferecemos solu\u00e7\u00f5es modernas, incluindo aparelhos fixos met\u00e1licos, est\u00e9ticos e alinhadores transparentes, adaptados \u00e0s necessidades e estilo de vida de cada paciente. Cada tratamento \u00e9 precedido por um estudo ortod\u00f4ntico completo, com radiografias, fotografias e simula\u00e7\u00e3o digital dos resultados. Problemas tratados: Dentes desalinhados ou sobrepostos Mordida cruzada, aberta ou profunda Espa\u00e7os entre dentes Benef\u00edcios:\u2705 Melhoria est\u00e9tica e funcional\u2705 Higiene oral facilitada\u2705 Resultados duradouros e previs\u00edveis\" \/>\n<meta property=\"og:url\" content=\"https:\/\/centromedico.pt\/index.php\/ortodontia\/\" \/>\n<meta property=\"og:site_name\" content=\"Centro M\u00e9dico Dent\u00e1rio de Gaia\" \/>\n<meta property=\"article:modified_time\" content=\"2025-10-13T08:17:55+00:00\" \/>\n<meta property=\"og:image\" content=\"https:\/\/centromedico.pt\/wp-content\/uploads\/2025\/10\/LOGOS-3.png\" \/>\n<meta name=\"twitter:card\" content=\"summary_large_image\" \/>\n<meta name=\"twitter:label1\" content=\"Tempo estimado de leitura\" \/>\n\t<meta name=\"twitter:data1\" content=\"1 minuto\" \/>\n<script type=\"application\/ld+json\" class=\"yoast-schema-graph\">{\"@context\":\"https:\/\/schema.org\",\"@graph\":[{\"@type\":\"WebPage\",\"@id\":\"https:\/\/centromedico.pt\/index.php\/ortodontia\/\",\"url\":\"https:\/\/centromedico.pt\/index.php\/ortodontia\/\",\"name\":\"Ortodontia - Centro M\u00e9dico Dent\u00e1rio de Gaia\",\"isPartOf\":{\"@id\":\"https:\/\/centromedico.pt\/#website\"},\"primaryImageOfPage\":{\"@id\":\"https:\/\/centromedico.pt\/index.php\/ortodontia\/#primaryimage\"},\"image\":{\"@id\":\"https:\/\/centromedico.pt\/index.php\/ortodontia\/#primaryimage\"},\"thumbnailUrl\":\"https:\/\/centromedico.pt\/wp-content\/uploads\/2025\/10\/LOGOS-3.png\",\"datePublished\":\"2025-10-13T07:59:34+00:00\",\"dateModified\":\"2025-10-13T08:17:55+00:00\",\"breadcrumb\":{\"@id\":\"https:\/\/centromedico.pt\/index.php\/ortodontia\/#breadcrumb\"},\"inLanguage\":\"pt-PT\",\"potentialAction\":[{\"@type\":\"ReadAction\",\"target\":[\"https:\/\/centromedico.pt\/index.php\/ortodontia\/\"]}]},{\"@type\":\"ImageObject\",\"inLanguage\":\"pt-PT\",\"@id\":\"https:\/\/centromedico.pt\/index.php\/ortodontia\/#primaryimage\",\"url\":\"https:\/\/centromedico.pt\/wp-content\/uploads\/2025\/10\/LOGOS-3.png\",\"contentUrl\":\"https:\/\/centromedico.pt\/wp-content\/uploads\/2025\/10\/LOGOS-3.png\",\"width\":512,\"height\":512},{\"@type\":\"BreadcrumbList\",\"@id\":\"https:\/\/centromedico.pt\/index.php\/ortodontia\/#breadcrumb\",\"itemListElement\":[{\"@type\":\"ListItem\",\"position\":1,\"name\":\"In\u00edcio\",\"item\":\"https:\/\/centromedico.pt\/\"},{\"@type\":\"ListItem\",\"position\":2,\"name\":\"Ortodontia\"}]},{\"@type\":\"WebSite\",\"@id\":\"https:\/\/centromedico.pt\/#website\",\"url\":\"https:\/\/centromedico.pt\/\",\"name\":\"Centro M\u00e9dico Dent\u00e1rio de Gaia\",\"description\":\"Dentista em V. N. de Gaia\",\"publisher\":{\"@id\":\"https:\/\/centromedico.pt\/#organization\"},\"potentialAction\":[{\"@type\":\"SearchAction\",\"target\":{\"@type\":\"EntryPoint\",\"urlTemplate\":\"https:\/\/centromedico.pt\/?s={search_term_string}\"},\"query-input\":{\"@type\":\"PropertyValueSpecification\",\"valueRequired\":true,\"valueName\":\"search_term_string\"}}],\"inLanguage\":\"pt-PT\"},{\"@type\":\"Organization\",\"@id\":\"https:\/\/centromedico.pt\/#organization\",\"name\":\"Centro M\u00e9dico Dent\u00e1rio de Gaia\",\"url\":\"https:\/\/centromedico.pt\/\",\"logo\":{\"@type\":\"ImageObject\",\"inLanguage\":\"pt-PT\",\"@id\":\"https:\/\/centromedico.pt\/#\/schema\/logo\/image\/\",\"url\":\"https:\/\/centromedico.pt\/wp-content\/uploads\/2023\/12\/logo-1-scaled.png\",\"contentUrl\":\"https:\/\/centromedico.pt\/wp-content\/uploads\/2023\/12\/logo-1-scaled.png\",\"width\":2560,\"height\":986,\"caption\":\"Centro M\u00e9dico Dent\u00e1rio de Gaia\"},\"image\":{\"@id\":\"https:\/\/centromedico.pt\/#\/schema\/logo\/image\/\"}}]}<\/script>\n<!-- \/ Yoast SEO plugin. -->","yoast_head_json":{"title":"Ortodontia - Centro M\u00e9dico Dent\u00e1rio de Gaia","robots":{"index":"index","follow":"follow","max-snippet":"max-snippet:-1","max-image-preview":"max-image-preview:large","max-video-preview":"max-video-preview:-1"},"canonical":"https:\/\/centromedico.pt\/index.php\/ortodontia\/","og_locale":"pt_PT","og_type":"article","og_title":"Ortodontia - Centro M\u00e9dico Dent\u00e1rio de Gaia","og_description":"Tratamentos Ortodontia Alinhe o seu sorriso com conforto e discri\u00e7\u00e3o. A ortodontia corrige o posicionamento dos dentes e maxilares, melhorando n\u00e3o apenas a est\u00e9tica, mas tamb\u00e9m a fun\u00e7\u00e3o mastigat\u00f3ria e a sa\u00fade oral.Oferecemos solu\u00e7\u00f5es modernas, incluindo aparelhos fixos met\u00e1licos, est\u00e9ticos e alinhadores transparentes, adaptados \u00e0s necessidades e estilo de vida de cada paciente. Cada tratamento \u00e9 precedido por um estudo ortod\u00f4ntico completo, com radiografias, fotografias e simula\u00e7\u00e3o digital dos resultados. Problemas tratados: Dentes desalinhados ou sobrepostos Mordida cruzada, aberta ou profunda Espa\u00e7os entre dentes Benef\u00edcios:\u2705 Melhoria est\u00e9tica e funcional\u2705 Higiene oral facilitada\u2705 Resultados duradouros e previs\u00edveis","og_url":"https:\/\/centromedico.pt\/index.php\/ortodontia\/","og_site_name":"Centro M\u00e9dico Dent\u00e1rio de Gaia","article_modified_time":"2025-10-13T08:17:55+00:00","og_image":[{"url":"https:\/\/centromedico.pt\/wp-content\/uploads\/2025\/10\/LOGOS-3.png","type":"","width":"","height":""}],"twitter_card":"summary_large_image","twitter_misc":{"Tempo estimado de leitura":"1 minuto"},"schema":{"@context":"https:\/\/schema.org","@graph":[{"@type":"WebPage","@id":"https:\/\/centromedico.pt\/index.php\/ortodontia\/","url":"https:\/\/centromedico.pt\/index.php\/ortodontia\/","name":"Ortodontia - Centro M\u00e9dico Dent\u00e1rio de Gaia","isPartOf":{"@id":"https:\/\/centromedico.pt\/#website"},"primaryImageOfPage":{"@id":"https:\/\/centromedico.pt\/index.php\/ortodontia\/#primaryimage"},"image":{"@id":"https:\/\/centromedico.pt\/index.php\/ortodontia\/#primaryimage"},"thumbnailUrl":"https:\/\/centromedico.pt\/wp-content\/uploads\/2025\/10\/LOGOS-3.png","datePublished":"2025-10-13T07:59:34+00:00","dateModified":"2025-10-13T08:17:55+00:00","breadcrumb":{"@id":"https:\/\/centromedico.pt\/index.php\/ortodontia\/#breadcrumb"},"inLanguage":"pt-PT","potentialAction":[{"@type":"ReadAction","target":["https:\/\/centromedico.pt\/index.php\/ortodontia\/"]}]},{"@type":"ImageObject","inLanguage":"pt-PT","@id":"https:\/\/centromedico.pt\/index.php\/ortodontia\/#primaryimage","url":"https:\/\/centromedico.pt\/wp-content\/uploads\/2025\/10\/LOGOS-3.png","contentUrl":"https:\/\/centromedico.pt\/wp-content\/uploads\/2025\/10\/LOGOS-3.png","width":512,"height":512},{"@type":"BreadcrumbList","@id":"https:\/\/centromedico.pt\/index.php\/ortodontia\/#breadcrumb","itemListElement":[{"@type":"ListItem","position":1,"name":"In\u00edcio","item":"https:\/\/centromedico.pt\/"},{"@type":"ListItem","position":2,"name":"Ortodontia"}]},{"@type":"WebSite","@id":"https:\/\/centromedico.pt\/#website","url":"https:\/\/centromedico.pt\/","name":"Centro M\u00e9dico Dent\u00e1rio de Gaia","description":"Dentista em V. N. de Gaia","publisher":{"@id":"https:\/\/centromedico.pt\/#organization"},"potentialAction":[{"@type":"SearchAction","target":{"@type":"EntryPoint","urlTemplate":"https:\/\/centromedico.pt\/?s={search_term_string}"},"query-input":{"@type":"PropertyValueSpecification","valueRequired":true,"valueName":"search_term_string"}}],"inLanguage":"pt-PT"},{"@type":"Organization","@id":"https:\/\/centromedico.pt\/#organization","name":"Centro M\u00e9dico Dent\u00e1rio de Gaia","url":"https:\/\/centromedico.pt\/","logo":{"@type":"ImageObject","inLanguage":"pt-PT","@id":"https:\/\/centromedico.pt\/#\/schema\/logo\/image\/","url":"https:\/\/centromedico.pt\/wp-content\/uploads\/2023\/12\/logo-1-scaled.png","contentUrl":"https:\/\/centromedico.pt\/wp-content\/uploads\/2023\/12\/logo-1-scaled.png","width":2560,"height":986,"caption":"Centro M\u00e9dico Dent\u00e1rio de Gaia"},"image":{"@id":"https:\/\/centromedico.pt\/#\/schema\/logo\/image\/"}}]}},"_links":{"self":[{"href":"https:\/\/centromedico.pt\/index.php\/wp-json\/wp\/v2\/pages\/1271","targetHints":{"allow":["GET"]}}],"collection":[{"href":"https:\/\/centromedico.pt\/index.php\/wp-json\/wp\/v2\/pages"}],"about":[{"href":"https:\/\/centromedico.pt\/index.php\/wp-json\/wp\/v2\/types\/page"}],"author":[{"embeddable":true,"href":"https:\/\/centromedico.pt\/index.php\/wp-json\/wp\/v2\/users\/1"}],"replies":[{"embeddable":true,"href":"https:\/\/centromedico.pt\/index.php\/wp-json\/wp\/v2\/comments?post=1271"}],"version-history":[{"count":12,"href":"https:\/\/centromedico.pt\/index.php\/wp-json\/wp\/v2\/pages\/1271\/revisions"}],"predecessor-version":[{"id":1352,"href":"https:\/\/centromedico.pt\/index.php\/wp-json\/wp\/v2\/pages\/1271\/revisions\/1352"}],"wp:attachment":[{"href":"https:\/\/centromedico.pt\/index.php\/wp-json\/wp\/v2\/media?parent=1271"}],"curies":[{"name":"wp","href":"https:\/\/api.w.org\/{rel}","templated":true}]}}