{"id":1266,"date":"2025-10-13T07:57:49","date_gmt":"2025-10-13T07:57:49","guid":{"rendered":"https:\/\/centromedico.innovstar.pt\/?page_id=1266"},"modified":"2025-10-13T08:17:37","modified_gmt":"2025-10-13T08:17:37","slug":"implantologia","status":"publish","type":"page","link":"https:\/\/centromedico.pt\/index.php\/implantologia\/","title":{"rendered":"Implantologia"},"content":{"rendered":"\t\t<div data-elementor-type=\"wp-page\" data-elementor-id=\"1266\" class=\"elementor elementor-1266\">\n\t\t\t\t\t\t<section class=\"elementor-section elementor-top-section elementor-element elementor-element-c29a3c5 elementor-section-boxed elementor-section-height-default elementor-section-height-default wpr-particle-no wpr-jarallax-no wpr-parallax-no wpr-sticky-section-no\" data-id=\"c29a3c5\" data-element_type=\"section\" data-settings=\"{&quot;background_background&quot;:&quot;classic&quot;}\">\n\t\t\t\t\t\t\t<div class=\"elementor-background-overlay\"><\/div>\n\t\t\t\t\t\t\t<div class=\"elementor-container elementor-column-gap-default\">\n\t\t\t\t\t<div class=\"elementor-column elementor-col-100 elementor-top-column elementor-element elementor-element-c7f4bb6\" data-id=\"c7f4bb6\" data-element_type=\"column\">\n\t\t\t<div class=\"elementor-widget-wrap elementor-element-populated\">\n\t\t\t\t\t\t<div class=\"elementor-element elementor-element-b1faa16 elementor-widget elementor-widget-heading\" data-id=\"b1faa16\" data-element_type=\"widget\" data-widget_type=\"heading.default\">\n\t\t\t\t\t<h2 class=\"elementor-heading-title elementor-size-default\">Tratamentos<\/h2>\t\t\t\t<\/div>\n\t\t\t\t\t<\/div>\n\t\t<\/div>\n\t\t\t\t\t<\/div>\n\t\t<\/section>\n\t\t<div class=\"elementor-element elementor-element-8068f6e e-flex e-con-boxed wpr-particle-no wpr-jarallax-no wpr-parallax-no wpr-sticky-section-no e-con e-parent\" data-id=\"8068f6e\" data-element_type=\"container\">\n\t\t\t\t\t<div class=\"e-con-inner\">\n\t\t\t\t<div class=\"elementor-element elementor-element-e9d258b elementor-widget elementor-widget-spacer\" data-id=\"e9d258b\" data-element_type=\"widget\" data-widget_type=\"spacer.default\">\n\t\t\t\t\t\t\t<div class=\"elementor-spacer\">\n\t\t\t<div class=\"elementor-spacer-inner\"><\/div>\n\t\t<\/div>\n\t\t\t\t\t\t<\/div>\n\t\t\t\t\t<\/div>\n\t\t\t\t<\/div>\n\t\t<div class=\"elementor-element elementor-element-38445ea e-flex e-con-boxed wpr-particle-no wpr-jarallax-no wpr-parallax-no wpr-sticky-section-no e-con e-parent\" data-id=\"38445ea\" data-element_type=\"container\">\n\t\t\t\t\t<div class=\"e-con-inner\">\n\t\t<div class=\"elementor-element elementor-element-f1e68e9 e-con-full e-flex wpr-particle-no wpr-jarallax-no wpr-parallax-no wpr-sticky-section-no e-con e-child\" data-id=\"f1e68e9\" data-element_type=\"container\">\n\t\t\t\t<div class=\"elementor-element elementor-element-44ccbad elementor-widget elementor-widget-heading\" data-id=\"44ccbad\" data-element_type=\"widget\" data-widget_type=\"heading.default\">\n\t\t\t\t\t<h2 class=\"elementor-heading-title elementor-size-default\">Implantologia<\/h2>\t\t\t\t<\/div>\n\t\t\t\t<div class=\"elementor-element elementor-element-34aa3f6 elementor-widget elementor-widget-text-editor\" data-id=\"34aa3f6\" data-element_type=\"widget\" data-widget_type=\"text-editor.default\">\n\t\t\t\t\t\t\t\t\t<p data-start=\"349\" data-end=\"405\"><strong data-start=\"349\" data-end=\"405\">Recupere o seu sorriso com seguran\u00e7a e naturalidade.<\/strong><\/p><p data-start=\"407\" data-end=\"777\">A implantologia \u00e9 a especialidade respons\u00e1vel pela <strong data-start=\"458\" data-end=\"524\">substitui\u00e7\u00e3o de dentes perdidos atrav\u00e9s de implantes dent\u00e1rios<\/strong>, pequenas estruturas de tit\u00e2nio que funcionam como ra\u00edzes artificiais.<br data-start=\"595\" data-end=\"598\" \/>Os implantes s\u00e3o colocados de forma precisa e segura, permitindo a fixa\u00e7\u00e3o de coroas, pontes ou pr\u00f3teses completas que <strong data-start=\"717\" data-end=\"776\">restituem a fun\u00e7\u00e3o mastigat\u00f3ria e a est\u00e9tica do sorriso<\/strong>.<\/p><p data-start=\"779\" data-end=\"939\">No Centro M\u00e9dico Dent\u00e1rio de Gaia utilizamos <strong data-start=\"824\" data-end=\"876\">tecnologia digital e materiais de \u00faltima gera\u00e7\u00e3o<\/strong>, garantindo conforto, previsibilidade e resultados duradouros.<\/p><p data-start=\"941\" data-end=\"961\"><strong data-start=\"941\" data-end=\"959\">Indicado para:<\/strong><\/p><ul data-start=\"962\" data-end=\"1063\"><li data-start=\"962\" data-end=\"993\"><p data-start=\"964\" data-end=\"993\">Perda de um ou mais dentes;<\/p><\/li><li data-start=\"994\" data-end=\"1022\"><p data-start=\"996\" data-end=\"1022\">Dificuldade em mastigar;<\/p><\/li><li data-start=\"1023\" data-end=\"1063\"><p data-start=\"1025\" data-end=\"1063\">Pr\u00f3teses remov\u00edveis desconfort\u00e1veis.<\/p><\/li><\/ul><p data-start=\"1065\" data-end=\"1182\"><strong data-start=\"1065\" data-end=\"1080\">Benef\u00edcios:<\/strong><br data-start=\"1080\" data-end=\"1083\" \/>\u2705 Solu\u00e7\u00e3o fixa e duradoura<br data-start=\"1109\" data-end=\"1112\" \/>\u2705 Aspeto 100% natural<br data-start=\"1133\" data-end=\"1136\" \/>\u2705 Melhoria da autoestima e qualidade de vida<\/p>\t\t\t\t\t\t\t\t<\/div>\n\t\t\t\t<\/div>\n\t\t<div class=\"elementor-element elementor-element-c318b52 e-con-full e-flex wpr-particle-no wpr-jarallax-no wpr-parallax-no wpr-sticky-section-no e-con e-child\" data-id=\"c318b52\" data-element_type=\"container\">\n\t\t\t\t<div class=\"elementor-element elementor-element-dc8a634 elementor-widget elementor-widget-image\" data-id=\"dc8a634\" data-element_type=\"widget\" data-widget_type=\"image.default\">\n\t\t\t\t\t\t\t\t\t\t\t\t\t\t\t<img fetchpriority=\"high\" decoding=\"async\" width=\"512\" height=\"512\" src=\"https:\/\/centromedico.pt\/wp-content\/uploads\/2025\/10\/LOGOS.png\" class=\"attachment-large size-large wp-image-1204\" alt=\"\" srcset=\"https:\/\/centromedico.pt\/wp-content\/uploads\/2025\/10\/LOGOS.png 512w, https:\/\/centromedico.pt\/wp-content\/uploads\/2025\/10\/LOGOS-300x300.png 300w, https:\/\/centromedico.pt\/wp-content\/uploads\/2025\/10\/LOGOS-150x150.png 150w\" sizes=\"(max-width: 512px) 100vw, 512px\" \/>\t\t\t\t\t\t\t\t\t\t\t\t\t\t\t<\/div>\n\t\t\t\t<\/div>\n\t\t\t\t\t<\/div>\n\t\t\t\t<\/div>\n\t\t<div class=\"elementor-element elementor-element-f4f3955 e-flex e-con-boxed wpr-particle-no wpr-jarallax-no wpr-parallax-no wpr-sticky-section-no e-con e-parent\" data-id=\"f4f3955\" data-element_type=\"container\">\n\t\t\t\t\t<div class=\"e-con-inner\">\n\t\t\t\t<div class=\"elementor-element elementor-element-68899ed elementor-widget elementor-widget-spacer\" data-id=\"68899ed\" data-element_type=\"widget\" data-widget_type=\"spacer.default\">\n\t\t\t\t\t\t\t<div class=\"elementor-spacer\">\n\t\t\t<div class=\"elementor-spacer-inner\"><\/div>\n\t\t<\/div>\n\t\t\t\t\t\t<\/div>\n\t\t\t\t\t<\/div>\n\t\t\t\t<\/div>\n\t\t\t\t<\/div>\n\t\t","protected":false},"excerpt":{"rendered":"<p>Tratamentos Implantologia Recupere o seu sorriso com seguran\u00e7a e naturalidade. A implantologia \u00e9 a especialidade respons\u00e1vel pela substitui\u00e7\u00e3o de dentes perdidos atrav\u00e9s de implantes dent\u00e1rios, pequenas estruturas de tit\u00e2nio que funcionam como ra\u00edzes artificiais.Os implantes s\u00e3o colocados de forma precisa e segura, permitindo a fixa\u00e7\u00e3o de coroas, pontes ou pr\u00f3teses completas que restituem a fun\u00e7\u00e3o mastigat\u00f3ria e a est\u00e9tica do sorriso. No Centro M\u00e9dico Dent\u00e1rio de Gaia utilizamos tecnologia digital e materiais de \u00faltima gera\u00e7\u00e3o, garantindo conforto, previsibilidade e resultados duradouros. Indicado para: Perda de um ou mais dentes; Dificuldade em mastigar; Pr\u00f3teses remov\u00edveis desconfort\u00e1veis. Benef\u00edcios:\u2705 Solu\u00e7\u00e3o fixa e duradoura\u2705 Aspeto 100% natural\u2705 Melhoria da autoestima e qualidade de vida<\/p>\n","protected":false},"author":1,"featured_media":0,"parent":0,"menu_order":0,"comment_status":"closed","ping_status":"closed","template":"elementor_canvas","meta":{"om_disable_all_campaigns":false,"_monsterinsights_skip_tracking":false,"_monsterinsights_sitenote_active":false,"_monsterinsights_sitenote_note":"","_monsterinsights_sitenote_category":0,"footnotes":""},"class_list":["post-1266","page","type-page","status-publish","hentry"],"aioseo_notices":[],"yoast_head":"<!-- This site is optimized with the Yoast SEO plugin v26.2 - https:\/\/yoast.com\/wordpress\/plugins\/seo\/ -->\n<title>Implantologia - Centro M\u00e9dico Dent\u00e1rio de Gaia<\/title>\n<meta name=\"robots\" content=\"index, follow, max-snippet:-1, max-image-preview:large, max-video-preview:-1\" \/>\n<link rel=\"canonical\" href=\"https:\/\/centromedico.pt\/index.php\/implantologia\/\" \/>\n<meta property=\"og:locale\" content=\"pt_PT\" \/>\n<meta property=\"og:type\" content=\"article\" \/>\n<meta property=\"og:title\" content=\"Implantologia - Centro M\u00e9dico Dent\u00e1rio de Gaia\" \/>\n<meta property=\"og:description\" content=\"Tratamentos Implantologia Recupere o seu sorriso com seguran\u00e7a e naturalidade. A implantologia \u00e9 a especialidade respons\u00e1vel pela substitui\u00e7\u00e3o de dentes perdidos atrav\u00e9s de implantes dent\u00e1rios, pequenas estruturas de tit\u00e2nio que funcionam como ra\u00edzes artificiais.Os implantes s\u00e3o colocados de forma precisa e segura, permitindo a fixa\u00e7\u00e3o de coroas, pontes ou pr\u00f3teses completas que restituem a fun\u00e7\u00e3o mastigat\u00f3ria e a est\u00e9tica do sorriso. No Centro M\u00e9dico Dent\u00e1rio de Gaia utilizamos tecnologia digital e materiais de \u00faltima gera\u00e7\u00e3o, garantindo conforto, previsibilidade e resultados duradouros. Indicado para: Perda de um ou mais dentes; Dificuldade em mastigar; Pr\u00f3teses remov\u00edveis desconfort\u00e1veis. Benef\u00edcios:\u2705 Solu\u00e7\u00e3o fixa e duradoura\u2705 Aspeto 100% natural\u2705 Melhoria da autoestima e qualidade de vida\" \/>\n<meta property=\"og:url\" content=\"https:\/\/centromedico.pt\/index.php\/implantologia\/\" \/>\n<meta property=\"og:site_name\" content=\"Centro M\u00e9dico Dent\u00e1rio de Gaia\" \/>\n<meta property=\"article:modified_time\" content=\"2025-10-13T08:17:37+00:00\" \/>\n<meta property=\"og:image\" content=\"https:\/\/centromedico.pt\/wp-content\/uploads\/2025\/10\/LOGOS.png\" \/>\n<meta name=\"twitter:card\" content=\"summary_large_image\" \/>\n<meta name=\"twitter:label1\" content=\"Tempo estimado de leitura\" \/>\n\t<meta name=\"twitter:data1\" content=\"1 minuto\" \/>\n<script type=\"application\/ld+json\" class=\"yoast-schema-graph\">{\"@context\":\"https:\/\/schema.org\",\"@graph\":[{\"@type\":\"WebPage\",\"@id\":\"https:\/\/centromedico.pt\/index.php\/implantologia\/\",\"url\":\"https:\/\/centromedico.pt\/index.php\/implantologia\/\",\"name\":\"Implantologia - Centro M\u00e9dico Dent\u00e1rio de Gaia\",\"isPartOf\":{\"@id\":\"https:\/\/centromedico.pt\/#website\"},\"primaryImageOfPage\":{\"@id\":\"https:\/\/centromedico.pt\/index.php\/implantologia\/#primaryimage\"},\"image\":{\"@id\":\"https:\/\/centromedico.pt\/index.php\/implantologia\/#primaryimage\"},\"thumbnailUrl\":\"https:\/\/centromedico.pt\/wp-content\/uploads\/2025\/10\/LOGOS.png\",\"datePublished\":\"2025-10-13T07:57:49+00:00\",\"dateModified\":\"2025-10-13T08:17:37+00:00\",\"breadcrumb\":{\"@id\":\"https:\/\/centromedico.pt\/index.php\/implantologia\/#breadcrumb\"},\"inLanguage\":\"pt-PT\",\"potentialAction\":[{\"@type\":\"ReadAction\",\"target\":[\"https:\/\/centromedico.pt\/index.php\/implantologia\/\"]}]},{\"@type\":\"ImageObject\",\"inLanguage\":\"pt-PT\",\"@id\":\"https:\/\/centromedico.pt\/index.php\/implantologia\/#primaryimage\",\"url\":\"https:\/\/centromedico.pt\/wp-content\/uploads\/2025\/10\/LOGOS.png\",\"contentUrl\":\"https:\/\/centromedico.pt\/wp-content\/uploads\/2025\/10\/LOGOS.png\",\"width\":512,\"height\":512},{\"@type\":\"BreadcrumbList\",\"@id\":\"https:\/\/centromedico.pt\/index.php\/implantologia\/#breadcrumb\",\"itemListElement\":[{\"@type\":\"ListItem\",\"position\":1,\"name\":\"In\u00edcio\",\"item\":\"https:\/\/centromedico.pt\/\"},{\"@type\":\"ListItem\",\"position\":2,\"name\":\"Implantologia\"}]},{\"@type\":\"WebSite\",\"@id\":\"https:\/\/centromedico.pt\/#website\",\"url\":\"https:\/\/centromedico.pt\/\",\"name\":\"Centro M\u00e9dico Dent\u00e1rio de Gaia\",\"description\":\"Dentista em V. N. de Gaia\",\"publisher\":{\"@id\":\"https:\/\/centromedico.pt\/#organization\"},\"potentialAction\":[{\"@type\":\"SearchAction\",\"target\":{\"@type\":\"EntryPoint\",\"urlTemplate\":\"https:\/\/centromedico.pt\/?s={search_term_string}\"},\"query-input\":{\"@type\":\"PropertyValueSpecification\",\"valueRequired\":true,\"valueName\":\"search_term_string\"}}],\"inLanguage\":\"pt-PT\"},{\"@type\":\"Organization\",\"@id\":\"https:\/\/centromedico.pt\/#organization\",\"name\":\"Centro M\u00e9dico Dent\u00e1rio de Gaia\",\"url\":\"https:\/\/centromedico.pt\/\",\"logo\":{\"@type\":\"ImageObject\",\"inLanguage\":\"pt-PT\",\"@id\":\"https:\/\/centromedico.pt\/#\/schema\/logo\/image\/\",\"url\":\"https:\/\/centromedico.pt\/wp-content\/uploads\/2023\/12\/logo-1-scaled.png\",\"contentUrl\":\"https:\/\/centromedico.pt\/wp-content\/uploads\/2023\/12\/logo-1-scaled.png\",\"width\":2560,\"height\":986,\"caption\":\"Centro M\u00e9dico Dent\u00e1rio de Gaia\"},\"image\":{\"@id\":\"https:\/\/centromedico.pt\/#\/schema\/logo\/image\/\"}}]}<\/script>\n<!-- \/ Yoast SEO plugin. -->","yoast_head_json":{"title":"Implantologia - Centro M\u00e9dico Dent\u00e1rio de Gaia","robots":{"index":"index","follow":"follow","max-snippet":"max-snippet:-1","max-image-preview":"max-image-preview:large","max-video-preview":"max-video-preview:-1"},"canonical":"https:\/\/centromedico.pt\/index.php\/implantologia\/","og_locale":"pt_PT","og_type":"article","og_title":"Implantologia - Centro M\u00e9dico Dent\u00e1rio de Gaia","og_description":"Tratamentos Implantologia Recupere o seu sorriso com seguran\u00e7a e naturalidade. A implantologia \u00e9 a especialidade respons\u00e1vel pela substitui\u00e7\u00e3o de dentes perdidos atrav\u00e9s de implantes dent\u00e1rios, pequenas estruturas de tit\u00e2nio que funcionam como ra\u00edzes artificiais.Os implantes s\u00e3o colocados de forma precisa e segura, permitindo a fixa\u00e7\u00e3o de coroas, pontes ou pr\u00f3teses completas que restituem a fun\u00e7\u00e3o mastigat\u00f3ria e a est\u00e9tica do sorriso. No Centro M\u00e9dico Dent\u00e1rio de Gaia utilizamos tecnologia digital e materiais de \u00faltima gera\u00e7\u00e3o, garantindo conforto, previsibilidade e resultados duradouros. Indicado para: Perda de um ou mais dentes; Dificuldade em mastigar; Pr\u00f3teses remov\u00edveis desconfort\u00e1veis. Benef\u00edcios:\u2705 Solu\u00e7\u00e3o fixa e duradoura\u2705 Aspeto 100% natural\u2705 Melhoria da autoestima e qualidade de vida","og_url":"https:\/\/centromedico.pt\/index.php\/implantologia\/","og_site_name":"Centro M\u00e9dico Dent\u00e1rio de Gaia","article_modified_time":"2025-10-13T08:17:37+00:00","og_image":[{"url":"https:\/\/centromedico.pt\/wp-content\/uploads\/2025\/10\/LOGOS.png","type":"","width":"","height":""}],"twitter_card":"summary_large_image","twitter_misc":{"Tempo estimado de leitura":"1 minuto"},"schema":{"@context":"https:\/\/schema.org","@graph":[{"@type":"WebPage","@id":"https:\/\/centromedico.pt\/index.php\/implantologia\/","url":"https:\/\/centromedico.pt\/index.php\/implantologia\/","name":"Implantologia - Centro M\u00e9dico Dent\u00e1rio de Gaia","isPartOf":{"@id":"https:\/\/centromedico.pt\/#website"},"primaryImageOfPage":{"@id":"https:\/\/centromedico.pt\/index.php\/implantologia\/#primaryimage"},"image":{"@id":"https:\/\/centromedico.pt\/index.php\/implantologia\/#primaryimage"},"thumbnailUrl":"https:\/\/centromedico.pt\/wp-content\/uploads\/2025\/10\/LOGOS.png","datePublished":"2025-10-13T07:57:49+00:00","dateModified":"2025-10-13T08:17:37+00:00","breadcrumb":{"@id":"https:\/\/centromedico.pt\/index.php\/implantologia\/#breadcrumb"},"inLanguage":"pt-PT","potentialAction":[{"@type":"ReadAction","target":["https:\/\/centromedico.pt\/index.php\/implantologia\/"]}]},{"@type":"ImageObject","inLanguage":"pt-PT","@id":"https:\/\/centromedico.pt\/index.php\/implantologia\/#primaryimage","url":"https:\/\/centromedico.pt\/wp-content\/uploads\/2025\/10\/LOGOS.png","contentUrl":"https:\/\/centromedico.pt\/wp-content\/uploads\/2025\/10\/LOGOS.png","width":512,"height":512},{"@type":"BreadcrumbList","@id":"https:\/\/centromedico.pt\/index.php\/implantologia\/#breadcrumb","itemListElement":[{"@type":"ListItem","position":1,"name":"In\u00edcio","item":"https:\/\/centromedico.pt\/"},{"@type":"ListItem","position":2,"name":"Implantologia"}]},{"@type":"WebSite","@id":"https:\/\/centromedico.pt\/#website","url":"https:\/\/centromedico.pt\/","name":"Centro M\u00e9dico Dent\u00e1rio de Gaia","description":"Dentista em V. N. de Gaia","publisher":{"@id":"https:\/\/centromedico.pt\/#organization"},"potentialAction":[{"@type":"SearchAction","target":{"@type":"EntryPoint","urlTemplate":"https:\/\/centromedico.pt\/?s={search_term_string}"},"query-input":{"@type":"PropertyValueSpecification","valueRequired":true,"valueName":"search_term_string"}}],"inLanguage":"pt-PT"},{"@type":"Organization","@id":"https:\/\/centromedico.pt\/#organization","name":"Centro M\u00e9dico Dent\u00e1rio de Gaia","url":"https:\/\/centromedico.pt\/","logo":{"@type":"ImageObject","inLanguage":"pt-PT","@id":"https:\/\/centromedico.pt\/#\/schema\/logo\/image\/","url":"https:\/\/centromedico.pt\/wp-content\/uploads\/2023\/12\/logo-1-scaled.png","contentUrl":"https:\/\/centromedico.pt\/wp-content\/uploads\/2023\/12\/logo-1-scaled.png","width":2560,"height":986,"caption":"Centro M\u00e9dico Dent\u00e1rio de Gaia"},"image":{"@id":"https:\/\/centromedico.pt\/#\/schema\/logo\/image\/"}}]}},"_links":{"self":[{"href":"https:\/\/centromedico.pt\/index.php\/wp-json\/wp\/v2\/pages\/1266","targetHints":{"allow":["GET"]}}],"collection":[{"href":"https:\/\/centromedico.pt\/index.php\/wp-json\/wp\/v2\/pages"}],"about":[{"href":"https:\/\/centromedico.pt\/index.php\/wp-json\/wp\/v2\/types\/page"}],"author":[{"embeddable":true,"href":"https:\/\/centromedico.pt\/index.php\/wp-json\/wp\/v2\/users\/1"}],"replies":[{"embeddable":true,"href":"https:\/\/centromedico.pt\/index.php\/wp-json\/wp\/v2\/comments?post=1266"}],"version-history":[{"count":10,"href":"https:\/\/centromedico.pt\/index.php\/wp-json\/wp\/v2\/pages\/1266\/revisions"}],"predecessor-version":[{"id":1349,"href":"https:\/\/centromedico.pt\/index.php\/wp-json\/wp\/v2\/pages\/1266\/revisions\/1349"}],"wp:attachment":[{"href":"https:\/\/centromedico.pt\/index.php\/wp-json\/wp\/v2\/media?parent=1266"}],"curies":[{"name":"wp","href":"https:\/\/api.w.org\/{rel}","templated":true}]}}