{"id":1192,"date":"2025-10-13T07:53:14","date_gmt":"2025-10-13T07:53:14","guid":{"rendered":"https:\/\/centromedico.innovstar.pt\/?page_id=1192"},"modified":"2025-10-23T13:24:23","modified_gmt":"2025-10-23T13:24:23","slug":"equipa","status":"publish","type":"page","link":"https:\/\/centromedico.pt\/index.php\/equipa\/","title":{"rendered":"Equipa"},"content":{"rendered":"\t\t<div data-elementor-type=\"wp-page\" data-elementor-id=\"1192\" class=\"elementor elementor-1192\">\n\t\t\t\t\t\t<section class=\"elementor-section elementor-top-section elementor-element elementor-element-c29a3c5 elementor-section-boxed elementor-section-height-default elementor-section-height-default wpr-particle-no wpr-jarallax-no wpr-parallax-no wpr-sticky-section-no\" data-id=\"c29a3c5\" data-element_type=\"section\" data-settings=\"{&quot;background_background&quot;:&quot;classic&quot;}\">\n\t\t\t\t\t\t\t<div class=\"elementor-background-overlay\"><\/div>\n\t\t\t\t\t\t\t<div class=\"elementor-container elementor-column-gap-default\">\n\t\t\t\t\t<div class=\"elementor-column elementor-col-100 elementor-top-column elementor-element elementor-element-c7f4bb6\" data-id=\"c7f4bb6\" data-element_type=\"column\">\n\t\t\t<div class=\"elementor-widget-wrap elementor-element-populated\">\n\t\t\t\t\t\t<div class=\"elementor-element elementor-element-b1faa16 elementor-widget elementor-widget-heading\" data-id=\"b1faa16\" data-element_type=\"widget\" data-widget_type=\"heading.default\">\n\t\t\t\t\t<h2 class=\"elementor-heading-title elementor-size-default\">Equipa<\/h2>\t\t\t\t<\/div>\n\t\t\t\t\t<\/div>\n\t\t<\/div>\n\t\t\t\t\t<\/div>\n\t\t<\/section>\n\t\t<div class=\"elementor-element elementor-element-8068f6e e-flex e-con-boxed wpr-particle-no wpr-jarallax-no wpr-parallax-no wpr-sticky-section-no e-con e-parent\" data-id=\"8068f6e\" data-element_type=\"container\">\n\t\t\t\t\t<div class=\"e-con-inner\">\n\t\t\t\t<div class=\"elementor-element elementor-element-e9d258b elementor-widget elementor-widget-spacer\" data-id=\"e9d258b\" data-element_type=\"widget\" data-widget_type=\"spacer.default\">\n\t\t\t\t\t\t\t<div class=\"elementor-spacer\">\n\t\t\t<div class=\"elementor-spacer-inner\"><\/div>\n\t\t<\/div>\n\t\t\t\t\t\t<\/div>\n\t\t\t\t\t<\/div>\n\t\t\t\t<\/div>\n\t\t\t\t<section class=\"elementor-section elementor-top-section elementor-element elementor-element-9c22aa0 elementor-section-boxed elementor-section-height-default elementor-section-height-default wpr-particle-no wpr-jarallax-no wpr-parallax-no wpr-sticky-section-no\" data-id=\"9c22aa0\" data-element_type=\"section\">\n\t\t\t\t\t\t<div class=\"elementor-container elementor-column-gap-default\">\n\t\t\t\t\t<div class=\"elementor-column elementor-col-100 elementor-top-column elementor-element elementor-element-48d2798\" data-id=\"48d2798\" data-element_type=\"column\">\n\t\t\t<div class=\"elementor-widget-wrap elementor-element-populated\">\n\t\t\t\t\t\t<section class=\"elementor-section elementor-inner-section elementor-element elementor-element-d245f67 elementor-section-boxed elementor-section-height-default elementor-section-height-default wpr-particle-no wpr-jarallax-no wpr-parallax-no wpr-sticky-section-no\" data-id=\"d245f67\" data-element_type=\"section\">\n\t\t\t\t\t\t<div class=\"elementor-container elementor-column-gap-default\">\n\t\t\t\t\t<div class=\"elementor-column elementor-col-25 elementor-inner-column elementor-element elementor-element-75fafd6\" data-id=\"75fafd6\" data-element_type=\"column\">\n\t\t\t<div class=\"elementor-widget-wrap elementor-element-populated\">\n\t\t\t\t\t\t<div class=\"elementor-element elementor-element-a8347e1 elementor-invisible elementor-widget elementor-widget-wpr-team-member\" data-id=\"a8347e1\" data-element_type=\"widget\" data-settings=\"{&quot;_animation&quot;:&quot;slideInUp&quot;}\" data-widget_type=\"wpr-team-member.default\">\n\t\t\t\t\t\n\t<div class=\"wpr-team-member\">\n\t\t\t\t\t\n\t\t\t<div class=\"wpr-member-media\">\n\t\t\t\t<div class=\"wpr-member-image\">\n\t\t\t\t\t<img decoding=\"async\" src=\"https:\/\/centromedico.pt\/wp-content\/uploads\/2025\/10\/InnovStar-6.png\" alt=\"Dr. Jo\u00e3o Pedro Miranda\">\n\t\t\t\t<\/div>\n\t\t\t\t\t\t\t<\/div>\n\t\t\t\t\n\t\t\n\t\t<div class=\"wpr-member-content\">\n\t\t\t<h3 class=\"wpr-member-name\">Dr. Jo\u00e3o Pedro Miranda<\/h3>\n\t\t\t\n\t\t\t\t\t\t\t<div class=\"wpr-member-job\">M\u00e9dico Dentista<\/div>\n\t\t\t\n\t\t\t\n\t\t\t\t\t\t\t<div class=\"wpr-member-description\">OMD 9190<br>\n\u00c1rea de Interven\u00e7\u00e3o:<br>Cirurgia Oral e Reabilita\u00e7\u00e3o oral<\/div>\n\t\t\t\t\t\t\n\t\t\t\t\t<\/div>\n\n\t\t\t<\/div>\n\n\t\t\t\t\t<\/div>\n\t\t\t\t\t<\/div>\n\t\t<\/div>\n\t\t\t\t<div class=\"elementor-column elementor-col-25 elementor-inner-column elementor-element elementor-element-85487cb\" data-id=\"85487cb\" data-element_type=\"column\">\n\t\t\t<div class=\"elementor-widget-wrap elementor-element-populated\">\n\t\t\t\t\t\t<div class=\"elementor-element elementor-element-3528e03 elementor-invisible elementor-widget elementor-widget-wpr-team-member\" data-id=\"3528e03\" data-element_type=\"widget\" data-settings=\"{&quot;_animation&quot;:&quot;slideInUp&quot;,&quot;_animation_delay&quot;:100}\" data-widget_type=\"wpr-team-member.default\">\n\t\t\t\t\t\n\t<div class=\"wpr-team-member\">\n\t\t\t\t\t\n\t\t\t<div class=\"wpr-member-media\">\n\t\t\t\t<div class=\"wpr-member-image\">\n\t\t\t\t\t<img decoding=\"async\" src=\"https:\/\/centromedico.pt\/wp-content\/uploads\/2025\/10\/InnovStar-3-1.png\" alt=\"Dr. H\u00e9lder Vieira\">\n\t\t\t\t<\/div>\n\t\t\t\t\t\t\t<\/div>\n\t\t\t\t\n\t\t\n\t\t<div class=\"wpr-member-content\">\n\t\t\t<h3 class=\"wpr-member-name\">Dr. H\u00e9lder Vieira<\/h3>\n\t\t\t\n\t\t\t\t\t\t\t<div class=\"wpr-member-job\">M\u00e9dico-Dentista<\/div>\n\t\t\t\n\t\t\t\n\t\t\t\t\t\t\t<div class=\"wpr-member-description\">OMD 1780<br>\u00c1rea de interven\u00e7\u00e3o:<br>Endodontia e dentisteria<\/div>\n\t\t\t\t\t\t\n\t\t\t\t\t<\/div>\n\n\t\t\t<\/div>\n\n\t\t\t\t\t<\/div>\n\t\t\t\t\t<\/div>\n\t\t<\/div>\n\t\t\t\t<div class=\"elementor-column elementor-col-25 elementor-inner-column elementor-element elementor-element-fc54529\" data-id=\"fc54529\" data-element_type=\"column\">\n\t\t\t<div class=\"elementor-widget-wrap elementor-element-populated\">\n\t\t\t\t\t\t<div class=\"elementor-element elementor-element-d17a343 elementor-invisible elementor-widget elementor-widget-wpr-team-member\" data-id=\"d17a343\" data-element_type=\"widget\" data-settings=\"{&quot;_animation&quot;:&quot;slideInUp&quot;,&quot;_animation_delay&quot;:200}\" data-widget_type=\"wpr-team-member.default\">\n\t\t\t\t\t\n\t<div class=\"wpr-team-member\">\n\t\t\t\t\t\n\t\t\t<div class=\"wpr-member-media\">\n\t\t\t\t<div class=\"wpr-member-image\">\n\t\t\t\t\t<img decoding=\"async\" src=\"https:\/\/centromedico.pt\/wp-content\/uploads\/2025\/10\/InnovStar-5.png\" alt=\"Dra. Manuela Santos\">\n\t\t\t\t<\/div>\n\t\t\t\t\t\t\t<\/div>\n\t\t\t\t\n\t\t\n\t\t<div class=\"wpr-member-content\">\n\t\t\t<h3 class=\"wpr-member-name\">Dra. Manuela Santos<\/h3>\n\t\t\t\n\t\t\t\t\t\t\t<div class=\"wpr-member-job\">M\u00e9dica-Dentista<\/div>\n\t\t\t\n\t\t\t\n\t\t\t\t\t\t\t<div class=\"wpr-member-description\">OMD 6118<br>\u00c1rea interven\u00e7\u00e3o:<br>Ortodontia e Reabilita\u00e7\u00e3o Oral<\/div>\n\t\t\t\t\t\t\n\t\t\t\t\t<\/div>\n\n\t\t\t<\/div>\n\n\t\t\t\t\t<\/div>\n\t\t\t\t\t<\/div>\n\t\t<\/div>\n\t\t\t\t<div class=\"elementor-column elementor-col-25 elementor-inner-column elementor-element elementor-element-1548c07\" data-id=\"1548c07\" data-element_type=\"column\">\n\t\t\t<div class=\"elementor-widget-wrap elementor-element-populated\">\n\t\t\t\t\t\t<div class=\"elementor-element elementor-element-475bcb0 elementor-invisible elementor-widget elementor-widget-wpr-team-member\" data-id=\"475bcb0\" data-element_type=\"widget\" data-settings=\"{&quot;_animation&quot;:&quot;slideInUp&quot;,&quot;_animation_delay&quot;:300}\" data-widget_type=\"wpr-team-member.default\">\n\t\t\t\t\t\n\t<div class=\"wpr-team-member\">\n\t\t\t\t\t\n\t\t\t<div class=\"wpr-member-media\">\n\t\t\t\t<div class=\"wpr-member-image\">\n\t\t\t\t\t<img decoding=\"async\" src=\"https:\/\/centromedico.pt\/wp-content\/uploads\/2025\/10\/InnovStar-4-2.png\" alt=\"Dra. In\u00eas Santos\">\n\t\t\t\t<\/div>\n\t\t\t\t\t\t\t<\/div>\n\t\t\t\t\n\t\t\n\t\t<div class=\"wpr-member-content\">\n\t\t\t<h3 class=\"wpr-member-name\">Dra. In\u00eas Santos<\/h3>\n\t\t\t\n\t\t\t\t\t\t\t<div class=\"wpr-member-job\">M\u00e9dica Dentista<\/div>\n\t\t\t\n\t\t\t\n\t\t\t\t\t\t\t<div class=\"wpr-member-description\">OMD 6335<br>\u00c1rea de interven\u00e7\u00e3o:<br>Dentisteria Est\u00e9tica e Reabilita\u00e7\u00e3o Oral<\/div>\n\t\t\t\t\t\t\n\t\t\t\t\t<\/div>\n\n\t\t\t<\/div>\n\n\t\t\t\t\t<\/div>\n\t\t\t\t\t<\/div>\n\t\t<\/div>\n\t\t\t\t\t<\/div>\n\t\t<\/section>\n\t\t\t\t<section class=\"elementor-section elementor-inner-section elementor-element elementor-element-745996a elementor-section-boxed elementor-section-height-default elementor-section-height-default wpr-particle-no wpr-jarallax-no wpr-parallax-no wpr-sticky-section-no\" data-id=\"745996a\" data-element_type=\"section\">\n\t\t\t\t\t\t<div class=\"elementor-container elementor-column-gap-default\">\n\t\t\t\t\t<div class=\"elementor-column elementor-col-25 elementor-inner-column elementor-element elementor-element-7be9001\" data-id=\"7be9001\" data-element_type=\"column\">\n\t\t\t<div class=\"elementor-widget-wrap elementor-element-populated\">\n\t\t\t\t\t\t<div class=\"elementor-element elementor-element-712368f elementor-invisible elementor-widget elementor-widget-wpr-team-member\" data-id=\"712368f\" data-element_type=\"widget\" data-settings=\"{&quot;_animation&quot;:&quot;slideInUp&quot;}\" data-widget_type=\"wpr-team-member.default\">\n\t\t\t\t\t\n\t<div class=\"wpr-team-member\">\n\t\t\t\t\t\n\t\t\t<div class=\"wpr-member-media\">\n\t\t\t\t<div class=\"wpr-member-image\">\n\t\t\t\t\t<img decoding=\"async\" src=\"https:\/\/centromedico.pt\/wp-content\/uploads\/2025\/10\/Design-sem-nome-3.png\" alt=\"Dra. Carolina Santos\">\n\t\t\t\t<\/div>\n\t\t\t\t\t\t\t<\/div>\n\t\t\t\t\n\t\t\n\t\t<div class=\"wpr-member-content\">\n\t\t\t<h3 class=\"wpr-member-name\">Dra. Carolina Santos<\/h3>\n\t\t\t\n\t\t\t\t\t\t\t<div class=\"wpr-member-job\">M\u00e9dica Dentista<\/div>\n\t\t\t\n\t\t\t\n\t\t\t\t\t\t\t<div class=\"wpr-member-description\">OMD 12380<br>\u00c1rea de interven\u00e7\u00e3o:<br>Ortodontia<\/div>\n\t\t\t\t\t\t\n\t\t\t\t\t<\/div>\n\n\t\t\t<\/div>\n\n\t\t\t\t\t<\/div>\n\t\t\t\t\t<\/div>\n\t\t<\/div>\n\t\t\t\t<div class=\"elementor-column elementor-col-25 elementor-inner-column elementor-element elementor-element-2ac5144\" data-id=\"2ac5144\" data-element_type=\"column\">\n\t\t\t<div class=\"elementor-widget-wrap\">\n\t\t\t\t\t\t\t<\/div>\n\t\t<\/div>\n\t\t\t\t<div class=\"elementor-column elementor-col-25 elementor-inner-column elementor-element elementor-element-cdac1dc\" data-id=\"cdac1dc\" data-element_type=\"column\">\n\t\t\t<div class=\"elementor-widget-wrap\">\n\t\t\t\t\t\t\t<\/div>\n\t\t<\/div>\n\t\t\t\t<div class=\"elementor-column elementor-col-25 elementor-inner-column elementor-element elementor-element-50a2ef1\" data-id=\"50a2ef1\" data-element_type=\"column\">\n\t\t\t<div class=\"elementor-widget-wrap\">\n\t\t\t\t\t\t\t<\/div>\n\t\t<\/div>\n\t\t\t\t\t<\/div>\n\t\t<\/section>\n\t\t\t\t\t<\/div>\n\t\t<\/div>\n\t\t\t\t\t<\/div>\n\t\t<\/section>\n\t\t\t\t<\/div>\n\t\t","protected":false},"excerpt":{"rendered":"<p>Equipa Dr. Jo\u00e3o Pedro Miranda M\u00e9dico Dentista OMD 9190 \u00c1rea de Interven\u00e7\u00e3o:Cirurgia Oral e Reabilita\u00e7\u00e3o oral Dr. H\u00e9lder Vieira M\u00e9dico-Dentista OMD 1780\u00c1rea de interven\u00e7\u00e3o:Endodontia e dentisteria Dra. Manuela Santos M\u00e9dica-Dentista OMD 6118\u00c1rea interven\u00e7\u00e3o:Ortodontia e Reabilita\u00e7\u00e3o Oral Dra. In\u00eas Santos M\u00e9dica Dentista OMD 6335\u00c1rea de interven\u00e7\u00e3o:Dentisteria Est\u00e9tica e Reabilita\u00e7\u00e3o Oral Dra. Carolina Santos M\u00e9dica Dentista OMD 12380\u00c1rea de interven\u00e7\u00e3o:Ortodontia<\/p>\n","protected":false},"author":1,"featured_media":0,"parent":0,"menu_order":0,"comment_status":"closed","ping_status":"closed","template":"elementor_canvas","meta":{"om_disable_all_campaigns":false,"_monsterinsights_skip_tracking":false,"_monsterinsights_sitenote_active":false,"_monsterinsights_sitenote_note":"","_monsterinsights_sitenote_category":0,"footnotes":""},"class_list":["post-1192","page","type-page","status-publish","hentry"],"aioseo_notices":[],"yoast_head":"<!-- This site is optimized with the Yoast SEO plugin v26.2 - https:\/\/yoast.com\/wordpress\/plugins\/seo\/ -->\n<title>Equipa - Centro M\u00e9dico Dent\u00e1rio de Gaia<\/title>\n<meta name=\"robots\" content=\"index, follow, max-snippet:-1, max-image-preview:large, max-video-preview:-1\" \/>\n<link rel=\"canonical\" href=\"https:\/\/centromedico.pt\/index.php\/equipa\/\" \/>\n<meta property=\"og:locale\" content=\"pt_PT\" \/>\n<meta property=\"og:type\" content=\"article\" \/>\n<meta property=\"og:title\" content=\"Equipa - Centro M\u00e9dico Dent\u00e1rio de Gaia\" \/>\n<meta property=\"og:description\" content=\"Equipa Dr. Jo\u00e3o Pedro Miranda M\u00e9dico Dentista OMD 9190 \u00c1rea de Interven\u00e7\u00e3o:Cirurgia Oral e Reabilita\u00e7\u00e3o oral Dr. H\u00e9lder Vieira M\u00e9dico-Dentista OMD 1780\u00c1rea de interven\u00e7\u00e3o:Endodontia e dentisteria Dra. Manuela Santos M\u00e9dica-Dentista OMD 6118\u00c1rea interven\u00e7\u00e3o:Ortodontia e Reabilita\u00e7\u00e3o Oral Dra. In\u00eas Santos M\u00e9dica Dentista OMD 6335\u00c1rea de interven\u00e7\u00e3o:Dentisteria Est\u00e9tica e Reabilita\u00e7\u00e3o Oral Dra. Carolina Santos M\u00e9dica Dentista OMD 12380\u00c1rea de interven\u00e7\u00e3o:Ortodontia\" \/>\n<meta property=\"og:url\" content=\"https:\/\/centromedico.pt\/index.php\/equipa\/\" \/>\n<meta property=\"og:site_name\" content=\"Centro M\u00e9dico Dent\u00e1rio de Gaia\" \/>\n<meta property=\"article:modified_time\" content=\"2025-10-23T13:24:23+00:00\" \/>\n<meta property=\"og:image\" content=\"https:\/\/centromedico.pt\/wp-content\/uploads\/2025\/10\/InnovStar-6.png\" \/>\n<meta name=\"twitter:card\" content=\"summary_large_image\" \/>\n<script type=\"application\/ld+json\" class=\"yoast-schema-graph\">{\"@context\":\"https:\/\/schema.org\",\"@graph\":[{\"@type\":\"WebPage\",\"@id\":\"https:\/\/centromedico.pt\/index.php\/equipa\/\",\"url\":\"https:\/\/centromedico.pt\/index.php\/equipa\/\",\"name\":\"Equipa - Centro M\u00e9dico Dent\u00e1rio de Gaia\",\"isPartOf\":{\"@id\":\"https:\/\/centromedico.pt\/#website\"},\"primaryImageOfPage\":{\"@id\":\"https:\/\/centromedico.pt\/index.php\/equipa\/#primaryimage\"},\"image\":{\"@id\":\"https:\/\/centromedico.pt\/index.php\/equipa\/#primaryimage\"},\"thumbnailUrl\":\"https:\/\/centromedico.pt\/wp-content\/uploads\/2025\/10\/InnovStar-6.png\",\"datePublished\":\"2025-10-13T07:53:14+00:00\",\"dateModified\":\"2025-10-23T13:24:23+00:00\",\"breadcrumb\":{\"@id\":\"https:\/\/centromedico.pt\/index.php\/equipa\/#breadcrumb\"},\"inLanguage\":\"pt-PT\",\"potentialAction\":[{\"@type\":\"ReadAction\",\"target\":[\"https:\/\/centromedico.pt\/index.php\/equipa\/\"]}]},{\"@type\":\"ImageObject\",\"inLanguage\":\"pt-PT\",\"@id\":\"https:\/\/centromedico.pt\/index.php\/equipa\/#primaryimage\",\"url\":\"https:\/\/centromedico.pt\/wp-content\/uploads\/2025\/10\/InnovStar-6.png\",\"contentUrl\":\"https:\/\/centromedico.pt\/wp-content\/uploads\/2025\/10\/InnovStar-6.png\",\"width\":1080,\"height\":1350},{\"@type\":\"BreadcrumbList\",\"@id\":\"https:\/\/centromedico.pt\/index.php\/equipa\/#breadcrumb\",\"itemListElement\":[{\"@type\":\"ListItem\",\"position\":1,\"name\":\"In\u00edcio\",\"item\":\"https:\/\/centromedico.pt\/\"},{\"@type\":\"ListItem\",\"position\":2,\"name\":\"Equipa\"}]},{\"@type\":\"WebSite\",\"@id\":\"https:\/\/centromedico.pt\/#website\",\"url\":\"https:\/\/centromedico.pt\/\",\"name\":\"Centro M\u00e9dico Dent\u00e1rio de Gaia\",\"description\":\"Dentista em V. N. de Gaia\",\"publisher\":{\"@id\":\"https:\/\/centromedico.pt\/#organization\"},\"potentialAction\":[{\"@type\":\"SearchAction\",\"target\":{\"@type\":\"EntryPoint\",\"urlTemplate\":\"https:\/\/centromedico.pt\/?s={search_term_string}\"},\"query-input\":{\"@type\":\"PropertyValueSpecification\",\"valueRequired\":true,\"valueName\":\"search_term_string\"}}],\"inLanguage\":\"pt-PT\"},{\"@type\":\"Organization\",\"@id\":\"https:\/\/centromedico.pt\/#organization\",\"name\":\"Centro M\u00e9dico Dent\u00e1rio de Gaia\",\"url\":\"https:\/\/centromedico.pt\/\",\"logo\":{\"@type\":\"ImageObject\",\"inLanguage\":\"pt-PT\",\"@id\":\"https:\/\/centromedico.pt\/#\/schema\/logo\/image\/\",\"url\":\"https:\/\/centromedico.pt\/wp-content\/uploads\/2023\/12\/logo-1-scaled.png\",\"contentUrl\":\"https:\/\/centromedico.pt\/wp-content\/uploads\/2023\/12\/logo-1-scaled.png\",\"width\":2560,\"height\":986,\"caption\":\"Centro M\u00e9dico Dent\u00e1rio de Gaia\"},\"image\":{\"@id\":\"https:\/\/centromedico.pt\/#\/schema\/logo\/image\/\"}}]}<\/script>\n<!-- \/ Yoast SEO plugin. -->","yoast_head_json":{"title":"Equipa - Centro M\u00e9dico Dent\u00e1rio de Gaia","robots":{"index":"index","follow":"follow","max-snippet":"max-snippet:-1","max-image-preview":"max-image-preview:large","max-video-preview":"max-video-preview:-1"},"canonical":"https:\/\/centromedico.pt\/index.php\/equipa\/","og_locale":"pt_PT","og_type":"article","og_title":"Equipa - Centro M\u00e9dico Dent\u00e1rio de Gaia","og_description":"Equipa Dr. Jo\u00e3o Pedro Miranda M\u00e9dico Dentista OMD 9190 \u00c1rea de Interven\u00e7\u00e3o:Cirurgia Oral e Reabilita\u00e7\u00e3o oral Dr. H\u00e9lder Vieira M\u00e9dico-Dentista OMD 1780\u00c1rea de interven\u00e7\u00e3o:Endodontia e dentisteria Dra. Manuela Santos M\u00e9dica-Dentista OMD 6118\u00c1rea interven\u00e7\u00e3o:Ortodontia e Reabilita\u00e7\u00e3o Oral Dra. In\u00eas Santos M\u00e9dica Dentista OMD 6335\u00c1rea de interven\u00e7\u00e3o:Dentisteria Est\u00e9tica e Reabilita\u00e7\u00e3o Oral Dra. Carolina Santos M\u00e9dica Dentista OMD 12380\u00c1rea de interven\u00e7\u00e3o:Ortodontia","og_url":"https:\/\/centromedico.pt\/index.php\/equipa\/","og_site_name":"Centro M\u00e9dico Dent\u00e1rio de Gaia","article_modified_time":"2025-10-23T13:24:23+00:00","og_image":[{"url":"https:\/\/centromedico.pt\/wp-content\/uploads\/2025\/10\/InnovStar-6.png","type":"","width":"","height":""}],"twitter_card":"summary_large_image","schema":{"@context":"https:\/\/schema.org","@graph":[{"@type":"WebPage","@id":"https:\/\/centromedico.pt\/index.php\/equipa\/","url":"https:\/\/centromedico.pt\/index.php\/equipa\/","name":"Equipa - Centro M\u00e9dico Dent\u00e1rio de Gaia","isPartOf":{"@id":"https:\/\/centromedico.pt\/#website"},"primaryImageOfPage":{"@id":"https:\/\/centromedico.pt\/index.php\/equipa\/#primaryimage"},"image":{"@id":"https:\/\/centromedico.pt\/index.php\/equipa\/#primaryimage"},"thumbnailUrl":"https:\/\/centromedico.pt\/wp-content\/uploads\/2025\/10\/InnovStar-6.png","datePublished":"2025-10-13T07:53:14+00:00","dateModified":"2025-10-23T13:24:23+00:00","breadcrumb":{"@id":"https:\/\/centromedico.pt\/index.php\/equipa\/#breadcrumb"},"inLanguage":"pt-PT","potentialAction":[{"@type":"ReadAction","target":["https:\/\/centromedico.pt\/index.php\/equipa\/"]}]},{"@type":"ImageObject","inLanguage":"pt-PT","@id":"https:\/\/centromedico.pt\/index.php\/equipa\/#primaryimage","url":"https:\/\/centromedico.pt\/wp-content\/uploads\/2025\/10\/InnovStar-6.png","contentUrl":"https:\/\/centromedico.pt\/wp-content\/uploads\/2025\/10\/InnovStar-6.png","width":1080,"height":1350},{"@type":"BreadcrumbList","@id":"https:\/\/centromedico.pt\/index.php\/equipa\/#breadcrumb","itemListElement":[{"@type":"ListItem","position":1,"name":"In\u00edcio","item":"https:\/\/centromedico.pt\/"},{"@type":"ListItem","position":2,"name":"Equipa"}]},{"@type":"WebSite","@id":"https:\/\/centromedico.pt\/#website","url":"https:\/\/centromedico.pt\/","name":"Centro M\u00e9dico Dent\u00e1rio de Gaia","description":"Dentista em V. N. de Gaia","publisher":{"@id":"https:\/\/centromedico.pt\/#organization"},"potentialAction":[{"@type":"SearchAction","target":{"@type":"EntryPoint","urlTemplate":"https:\/\/centromedico.pt\/?s={search_term_string}"},"query-input":{"@type":"PropertyValueSpecification","valueRequired":true,"valueName":"search_term_string"}}],"inLanguage":"pt-PT"},{"@type":"Organization","@id":"https:\/\/centromedico.pt\/#organization","name":"Centro M\u00e9dico Dent\u00e1rio de Gaia","url":"https:\/\/centromedico.pt\/","logo":{"@type":"ImageObject","inLanguage":"pt-PT","@id":"https:\/\/centromedico.pt\/#\/schema\/logo\/image\/","url":"https:\/\/centromedico.pt\/wp-content\/uploads\/2023\/12\/logo-1-scaled.png","contentUrl":"https:\/\/centromedico.pt\/wp-content\/uploads\/2023\/12\/logo-1-scaled.png","width":2560,"height":986,"caption":"Centro M\u00e9dico Dent\u00e1rio de Gaia"},"image":{"@id":"https:\/\/centromedico.pt\/#\/schema\/logo\/image\/"}}]}},"_links":{"self":[{"href":"https:\/\/centromedico.pt\/index.php\/wp-json\/wp\/v2\/pages\/1192","targetHints":{"allow":["GET"]}}],"collection":[{"href":"https:\/\/centromedico.pt\/index.php\/wp-json\/wp\/v2\/pages"}],"about":[{"href":"https:\/\/centromedico.pt\/index.php\/wp-json\/wp\/v2\/types\/page"}],"author":[{"embeddable":true,"href":"https:\/\/centromedico.pt\/index.php\/wp-json\/wp\/v2\/users\/1"}],"replies":[{"embeddable":true,"href":"https:\/\/centromedico.pt\/index.php\/wp-json\/wp\/v2\/comments?post=1192"}],"version-history":[{"count":37,"href":"https:\/\/centromedico.pt\/index.php\/wp-json\/wp\/v2\/pages\/1192\/revisions"}],"predecessor-version":[{"id":1484,"href":"https:\/\/centromedico.pt\/index.php\/wp-json\/wp\/v2\/pages\/1192\/revisions\/1484"}],"wp:attachment":[{"href":"https:\/\/centromedico.pt\/index.php\/wp-json\/wp\/v2\/media?parent=1192"}],"curies":[{"name":"wp","href":"https:\/\/api.w.org\/{rel}","templated":true}]}}