{"id":11,"date":"2023-08-17T08:02:53","date_gmt":"2023-08-17T08:02:53","guid":{"rendered":"https:\/\/demosites.royal-elementor-addons.com\/nature-v2\/?page_id=11"},"modified":"2025-10-22T10:24:45","modified_gmt":"2025-10-22T10:24:45","slug":"sobre","status":"publish","type":"page","link":"https:\/\/centromedico.pt\/index.php\/sobre\/","title":{"rendered":"Sobre"},"content":{"rendered":"\t\t<div data-elementor-type=\"wp-page\" data-elementor-id=\"11\" class=\"elementor elementor-11\">\n\t\t\t\t\t\t<section class=\"elementor-section elementor-top-section elementor-element elementor-element-1cf472d elementor-section-boxed elementor-section-height-default elementor-section-height-default wpr-particle-no wpr-jarallax-no wpr-parallax-no wpr-sticky-section-no\" data-id=\"1cf472d\" data-element_type=\"section\" data-settings=\"{&quot;background_background&quot;:&quot;classic&quot;}\">\n\t\t\t\t\t\t\t<div class=\"elementor-background-overlay\"><\/div>\n\t\t\t\t\t\t\t<div class=\"elementor-container elementor-column-gap-default\">\n\t\t\t\t\t<div class=\"elementor-column elementor-col-100 elementor-top-column elementor-element elementor-element-d339750\" data-id=\"d339750\" data-element_type=\"column\">\n\t\t\t<div class=\"elementor-widget-wrap elementor-element-populated\">\n\t\t\t\t\t\t<div class=\"elementor-element elementor-element-33ed139 elementor-widget elementor-widget-heading\" data-id=\"33ed139\" data-element_type=\"widget\" data-widget_type=\"heading.default\">\n\t\t\t\t\t<h2 class=\"elementor-heading-title elementor-size-default\">Sobre<\/h2>\t\t\t\t<\/div>\n\t\t\t\t\t<\/div>\n\t\t<\/div>\n\t\t\t\t\t<\/div>\n\t\t<\/section>\n\t\t\t\t<section class=\"elementor-section elementor-top-section elementor-element elementor-element-39d6be1 elementor-section-boxed elementor-section-height-default elementor-section-height-default wpr-particle-no wpr-jarallax-no wpr-parallax-no wpr-sticky-section-no\" data-id=\"39d6be1\" data-element_type=\"section\">\n\t\t\t\t\t\t<div class=\"elementor-container elementor-column-gap-default\">\n\t\t\t\t\t<div class=\"elementor-column elementor-col-50 elementor-top-column elementor-element elementor-element-0079843\" data-id=\"0079843\" data-element_type=\"column\">\n\t\t\t<div class=\"elementor-widget-wrap elementor-element-populated\">\n\t\t\t\t\t\t<div class=\"elementor-element elementor-element-2f50fd9 elementor-widget elementor-widget-image\" data-id=\"2f50fd9\" data-element_type=\"widget\" data-widget_type=\"image.default\">\n\t\t\t\t\t\t\t\t\t\t\t\t\t\t\t<img fetchpriority=\"high\" decoding=\"async\" width=\"852\" height=\"1024\" src=\"https:\/\/centromedico.pt\/wp-content\/uploads\/2025\/10\/IMG_4809-min-scaled-e1761128673596-852x1024.png\" class=\"attachment-large size-large wp-image-1443\" alt=\"\" srcset=\"https:\/\/centromedico.pt\/wp-content\/uploads\/2025\/10\/IMG_4809-min-scaled-e1761128673596-852x1024.png 852w, https:\/\/centromedico.pt\/wp-content\/uploads\/2025\/10\/IMG_4809-min-scaled-e1761128673596-250x300.png 250w, https:\/\/centromedico.pt\/wp-content\/uploads\/2025\/10\/IMG_4809-min-scaled-e1761128673596-768x923.png 768w, https:\/\/centromedico.pt\/wp-content\/uploads\/2025\/10\/IMG_4809-min-scaled-e1761128673596-1278x1536.png 1278w, https:\/\/centromedico.pt\/wp-content\/uploads\/2025\/10\/IMG_4809-min-scaled-e1761128673596-1704x2048.png 1704w, https:\/\/centromedico.pt\/wp-content\/uploads\/2025\/10\/IMG_4809-min-scaled-e1761128673596.png 1707w\" sizes=\"(max-width: 852px) 100vw, 852px\" \/>\t\t\t\t\t\t\t\t\t\t\t\t\t\t\t<\/div>\n\t\t\t\t\t<\/div>\n\t\t<\/div>\n\t\t\t\t<div class=\"elementor-column elementor-col-50 elementor-top-column elementor-element elementor-element-7630a78\" data-id=\"7630a78\" data-element_type=\"column\">\n\t\t\t<div class=\"elementor-widget-wrap elementor-element-populated\">\n\t\t\t\t\t\t<div class=\"elementor-element elementor-element-51728e1 elementor-widget elementor-widget-heading\" data-id=\"51728e1\" data-element_type=\"widget\" data-widget_type=\"heading.default\">\n\t\t\t\t\t<h2 class=\"elementor-heading-title elementor-size-default\">Quem Somos<\/h2>\t\t\t\t<\/div>\n\t\t\t\t<div class=\"elementor-element elementor-element-c4b8a63 elementor-widget elementor-widget-text-editor\" data-id=\"c4b8a63\" data-element_type=\"widget\" data-widget_type=\"text-editor.default\">\n\t\t\t\t\t\t\t\t\t<p>O <strong data-start=\"983\" data-end=\"1017\">Centro M\u00e9dico Dent\u00e1rio de Gaia<\/strong> \u00e9 uma cl\u00ednica moderna e acolhedora, pensada para garantir o m\u00e1ximo conforto e confian\u00e7a aos nossos pacientes.<br data-start=\"1127\" data-end=\"1130\" \/>Combinamos <strong data-start=\"1141\" data-end=\"1164\">tecnologia de ponta<\/strong>, <strong data-start=\"1166\" data-end=\"1194\">profissionalismo cl\u00ednico<\/strong> e <strong data-start=\"1197\" data-end=\"1221\">uma abordagem humana<\/strong> para cuidar de todos os aspetos da sua sa\u00fade oral.<\/p>\t\t\t\t\t\t\t\t<\/div>\n\t\t\t\t<div class=\"elementor-element elementor-element-c8ca234 elementor-widget elementor-widget-heading\" data-id=\"c8ca234\" data-element_type=\"widget\" data-widget_type=\"heading.default\">\n\t\t\t\t\t<h2 class=\"elementor-heading-title elementor-size-default\">Miss\u00e3o<\/h2>\t\t\t\t<\/div>\n\t\t\t\t<div class=\"elementor-element elementor-element-be8c41a elementor-widget elementor-widget-text-editor\" data-id=\"be8c41a\" data-element_type=\"widget\" data-widget_type=\"text-editor.default\">\n\t\t\t\t\t\t\t\t\t<p>Proporcionar tratamentos dent\u00e1rios de excel\u00eancia, promovendo a sa\u00fade, o bem-estar e a autoestima dos nossos pacientes.<\/p>\t\t\t\t\t\t\t\t<\/div>\n\t\t\t\t<div class=\"elementor-element elementor-element-07fa06d elementor-widget elementor-widget-heading\" data-id=\"07fa06d\" data-element_type=\"widget\" data-widget_type=\"heading.default\">\n\t\t\t\t\t<h2 class=\"elementor-heading-title elementor-size-default\">Vis\u00e3o<\/h2>\t\t\t\t<\/div>\n\t\t\t\t<div class=\"elementor-element elementor-element-03483c9 elementor-widget elementor-widget-text-editor\" data-id=\"03483c9\" data-element_type=\"widget\" data-widget_type=\"text-editor.default\">\n\t\t\t\t\t\t\t\t\t<p>Ser uma refer\u00eancia em medicina dent\u00e1ria em Vila Nova de Gaia, reconhecida pela qualidade dos resultados, inova\u00e7\u00e3o e atendimento humanizado.<\/p>\t\t\t\t\t\t\t\t<\/div>\n\t\t\t\t\t<\/div>\n\t\t<\/div>\n\t\t\t\t\t<\/div>\n\t\t<\/section>\n\t\t<div class=\"elementor-element elementor-element-c1d5173 e-flex e-con-boxed wpr-particle-no wpr-jarallax-no wpr-parallax-no wpr-sticky-section-no e-con e-parent\" data-id=\"c1d5173\" data-element_type=\"container\">\n\t\t\t\t\t<div class=\"e-con-inner\">\n\t\t\t\t<div class=\"elementor-element elementor-element-659c832 elementor-widget elementor-widget-spacer\" data-id=\"659c832\" data-element_type=\"widget\" data-widget_type=\"spacer.default\">\n\t\t\t\t\t\t\t<div class=\"elementor-spacer\">\n\t\t\t<div class=\"elementor-spacer-inner\"><\/div>\n\t\t<\/div>\n\t\t\t\t\t\t<\/div>\n\t\t\t\t\t<\/div>\n\t\t\t\t<\/div>\n\t\t\t\t<\/div>\n\t\t","protected":false},"excerpt":{"rendered":"<p>Sobre Quem Somos O Centro M\u00e9dico Dent\u00e1rio de Gaia \u00e9 uma cl\u00ednica moderna e acolhedora, pensada para garantir o m\u00e1ximo conforto e confian\u00e7a aos nossos pacientes.Combinamos tecnologia de ponta, profissionalismo cl\u00ednico e uma abordagem humana para cuidar de todos os aspetos da sua sa\u00fade oral. Miss\u00e3o Proporcionar tratamentos dent\u00e1rios de excel\u00eancia, promovendo a sa\u00fade, o bem-estar e a autoestima dos nossos pacientes. Vis\u00e3o Ser uma refer\u00eancia em medicina dent\u00e1ria em Vila Nova de Gaia, reconhecida pela qualidade dos resultados, inova\u00e7\u00e3o e atendimento humanizado.<\/p>\n","protected":false},"author":1,"featured_media":0,"parent":0,"menu_order":0,"comment_status":"closed","ping_status":"closed","template":"elementor_canvas","meta":{"om_disable_all_campaigns":false,"_monsterinsights_skip_tracking":false,"_monsterinsights_sitenote_active":false,"_monsterinsights_sitenote_note":"","_monsterinsights_sitenote_category":0,"footnotes":""},"class_list":["post-11","page","type-page","status-publish","hentry"],"aioseo_notices":[],"yoast_head":"<!-- This site is optimized with the Yoast SEO plugin v26.2 - https:\/\/yoast.com\/wordpress\/plugins\/seo\/ -->\n<title>Sobre - Centro M\u00e9dico Dent\u00e1rio de Gaia<\/title>\n<meta name=\"robots\" content=\"index, follow, max-snippet:-1, max-image-preview:large, max-video-preview:-1\" \/>\n<link rel=\"canonical\" href=\"https:\/\/centromedico.pt\/index.php\/sobre\/\" \/>\n<meta property=\"og:locale\" content=\"pt_PT\" \/>\n<meta property=\"og:type\" content=\"article\" \/>\n<meta property=\"og:title\" content=\"Sobre - Centro M\u00e9dico Dent\u00e1rio de Gaia\" \/>\n<meta property=\"og:description\" content=\"Sobre Quem Somos O Centro M\u00e9dico Dent\u00e1rio de Gaia \u00e9 uma cl\u00ednica moderna e acolhedora, pensada para garantir o m\u00e1ximo conforto e confian\u00e7a aos nossos pacientes.Combinamos tecnologia de ponta, profissionalismo cl\u00ednico e uma abordagem humana para cuidar de todos os aspetos da sua sa\u00fade oral. Miss\u00e3o Proporcionar tratamentos dent\u00e1rios de excel\u00eancia, promovendo a sa\u00fade, o bem-estar e a autoestima dos nossos pacientes. Vis\u00e3o Ser uma refer\u00eancia em medicina dent\u00e1ria em Vila Nova de Gaia, reconhecida pela qualidade dos resultados, inova\u00e7\u00e3o e atendimento humanizado.\" \/>\n<meta property=\"og:url\" content=\"https:\/\/centromedico.pt\/index.php\/sobre\/\" \/>\n<meta property=\"og:site_name\" content=\"Centro M\u00e9dico Dent\u00e1rio de Gaia\" \/>\n<meta property=\"article:modified_time\" content=\"2025-10-22T10:24:45+00:00\" \/>\n<meta property=\"og:image\" content=\"https:\/\/centromedico.pt\/wp-content\/uploads\/2025\/10\/IMG_4809-min-scaled-e1761128673596-852x1024.png\" \/>\n<meta name=\"twitter:card\" content=\"summary_large_image\" \/>\n<script type=\"application\/ld+json\" class=\"yoast-schema-graph\">{\"@context\":\"https:\/\/schema.org\",\"@graph\":[{\"@type\":\"WebPage\",\"@id\":\"https:\/\/centromedico.pt\/index.php\/sobre\/\",\"url\":\"https:\/\/centromedico.pt\/index.php\/sobre\/\",\"name\":\"Sobre - Centro M\u00e9dico Dent\u00e1rio de Gaia\",\"isPartOf\":{\"@id\":\"https:\/\/centromedico.pt\/#website\"},\"primaryImageOfPage\":{\"@id\":\"https:\/\/centromedico.pt\/index.php\/sobre\/#primaryimage\"},\"image\":{\"@id\":\"https:\/\/centromedico.pt\/index.php\/sobre\/#primaryimage\"},\"thumbnailUrl\":\"https:\/\/centromedico.pt\/wp-content\/uploads\/2025\/10\/IMG_4809-min-scaled-e1761128673596-852x1024.png\",\"datePublished\":\"2023-08-17T08:02:53+00:00\",\"dateModified\":\"2025-10-22T10:24:45+00:00\",\"breadcrumb\":{\"@id\":\"https:\/\/centromedico.pt\/index.php\/sobre\/#breadcrumb\"},\"inLanguage\":\"pt-PT\",\"potentialAction\":[{\"@type\":\"ReadAction\",\"target\":[\"https:\/\/centromedico.pt\/index.php\/sobre\/\"]}]},{\"@type\":\"ImageObject\",\"inLanguage\":\"pt-PT\",\"@id\":\"https:\/\/centromedico.pt\/index.php\/sobre\/#primaryimage\",\"url\":\"https:\/\/centromedico.pt\/wp-content\/uploads\/2025\/10\/IMG_4809-min-scaled-e1761128673596.png\",\"contentUrl\":\"https:\/\/centromedico.pt\/wp-content\/uploads\/2025\/10\/IMG_4809-min-scaled-e1761128673596.png\",\"width\":1707,\"height\":2052},{\"@type\":\"BreadcrumbList\",\"@id\":\"https:\/\/centromedico.pt\/index.php\/sobre\/#breadcrumb\",\"itemListElement\":[{\"@type\":\"ListItem\",\"position\":1,\"name\":\"In\u00edcio\",\"item\":\"https:\/\/centromedico.pt\/\"},{\"@type\":\"ListItem\",\"position\":2,\"name\":\"Sobre\"}]},{\"@type\":\"WebSite\",\"@id\":\"https:\/\/centromedico.pt\/#website\",\"url\":\"https:\/\/centromedico.pt\/\",\"name\":\"Centro M\u00e9dico Dent\u00e1rio de Gaia\",\"description\":\"Dentista em V. N. de Gaia\",\"publisher\":{\"@id\":\"https:\/\/centromedico.pt\/#organization\"},\"potentialAction\":[{\"@type\":\"SearchAction\",\"target\":{\"@type\":\"EntryPoint\",\"urlTemplate\":\"https:\/\/centromedico.pt\/?s={search_term_string}\"},\"query-input\":{\"@type\":\"PropertyValueSpecification\",\"valueRequired\":true,\"valueName\":\"search_term_string\"}}],\"inLanguage\":\"pt-PT\"},{\"@type\":\"Organization\",\"@id\":\"https:\/\/centromedico.pt\/#organization\",\"name\":\"Centro M\u00e9dico Dent\u00e1rio de Gaia\",\"url\":\"https:\/\/centromedico.pt\/\",\"logo\":{\"@type\":\"ImageObject\",\"inLanguage\":\"pt-PT\",\"@id\":\"https:\/\/centromedico.pt\/#\/schema\/logo\/image\/\",\"url\":\"https:\/\/centromedico.pt\/wp-content\/uploads\/2023\/12\/logo-1-scaled.png\",\"contentUrl\":\"https:\/\/centromedico.pt\/wp-content\/uploads\/2023\/12\/logo-1-scaled.png\",\"width\":2560,\"height\":986,\"caption\":\"Centro M\u00e9dico Dent\u00e1rio de Gaia\"},\"image\":{\"@id\":\"https:\/\/centromedico.pt\/#\/schema\/logo\/image\/\"}}]}<\/script>\n<!-- \/ Yoast SEO plugin. -->","yoast_head_json":{"title":"Sobre - Centro M\u00e9dico Dent\u00e1rio de Gaia","robots":{"index":"index","follow":"follow","max-snippet":"max-snippet:-1","max-image-preview":"max-image-preview:large","max-video-preview":"max-video-preview:-1"},"canonical":"https:\/\/centromedico.pt\/index.php\/sobre\/","og_locale":"pt_PT","og_type":"article","og_title":"Sobre - Centro M\u00e9dico Dent\u00e1rio de Gaia","og_description":"Sobre Quem Somos O Centro M\u00e9dico Dent\u00e1rio de Gaia \u00e9 uma cl\u00ednica moderna e acolhedora, pensada para garantir o m\u00e1ximo conforto e confian\u00e7a aos nossos pacientes.Combinamos tecnologia de ponta, profissionalismo cl\u00ednico e uma abordagem humana para cuidar de todos os aspetos da sua sa\u00fade oral. Miss\u00e3o Proporcionar tratamentos dent\u00e1rios de excel\u00eancia, promovendo a sa\u00fade, o bem-estar e a autoestima dos nossos pacientes. Vis\u00e3o Ser uma refer\u00eancia em medicina dent\u00e1ria em Vila Nova de Gaia, reconhecida pela qualidade dos resultados, inova\u00e7\u00e3o e atendimento humanizado.","og_url":"https:\/\/centromedico.pt\/index.php\/sobre\/","og_site_name":"Centro M\u00e9dico Dent\u00e1rio de Gaia","article_modified_time":"2025-10-22T10:24:45+00:00","og_image":[{"url":"https:\/\/centromedico.pt\/wp-content\/uploads\/2025\/10\/IMG_4809-min-scaled-e1761128673596-852x1024.png","type":"","width":"","height":""}],"twitter_card":"summary_large_image","schema":{"@context":"https:\/\/schema.org","@graph":[{"@type":"WebPage","@id":"https:\/\/centromedico.pt\/index.php\/sobre\/","url":"https:\/\/centromedico.pt\/index.php\/sobre\/","name":"Sobre - Centro M\u00e9dico Dent\u00e1rio de Gaia","isPartOf":{"@id":"https:\/\/centromedico.pt\/#website"},"primaryImageOfPage":{"@id":"https:\/\/centromedico.pt\/index.php\/sobre\/#primaryimage"},"image":{"@id":"https:\/\/centromedico.pt\/index.php\/sobre\/#primaryimage"},"thumbnailUrl":"https:\/\/centromedico.pt\/wp-content\/uploads\/2025\/10\/IMG_4809-min-scaled-e1761128673596-852x1024.png","datePublished":"2023-08-17T08:02:53+00:00","dateModified":"2025-10-22T10:24:45+00:00","breadcrumb":{"@id":"https:\/\/centromedico.pt\/index.php\/sobre\/#breadcrumb"},"inLanguage":"pt-PT","potentialAction":[{"@type":"ReadAction","target":["https:\/\/centromedico.pt\/index.php\/sobre\/"]}]},{"@type":"ImageObject","inLanguage":"pt-PT","@id":"https:\/\/centromedico.pt\/index.php\/sobre\/#primaryimage","url":"https:\/\/centromedico.pt\/wp-content\/uploads\/2025\/10\/IMG_4809-min-scaled-e1761128673596.png","contentUrl":"https:\/\/centromedico.pt\/wp-content\/uploads\/2025\/10\/IMG_4809-min-scaled-e1761128673596.png","width":1707,"height":2052},{"@type":"BreadcrumbList","@id":"https:\/\/centromedico.pt\/index.php\/sobre\/#breadcrumb","itemListElement":[{"@type":"ListItem","position":1,"name":"In\u00edcio","item":"https:\/\/centromedico.pt\/"},{"@type":"ListItem","position":2,"name":"Sobre"}]},{"@type":"WebSite","@id":"https:\/\/centromedico.pt\/#website","url":"https:\/\/centromedico.pt\/","name":"Centro M\u00e9dico Dent\u00e1rio de Gaia","description":"Dentista em V. N. de Gaia","publisher":{"@id":"https:\/\/centromedico.pt\/#organization"},"potentialAction":[{"@type":"SearchAction","target":{"@type":"EntryPoint","urlTemplate":"https:\/\/centromedico.pt\/?s={search_term_string}"},"query-input":{"@type":"PropertyValueSpecification","valueRequired":true,"valueName":"search_term_string"}}],"inLanguage":"pt-PT"},{"@type":"Organization","@id":"https:\/\/centromedico.pt\/#organization","name":"Centro M\u00e9dico Dent\u00e1rio de Gaia","url":"https:\/\/centromedico.pt\/","logo":{"@type":"ImageObject","inLanguage":"pt-PT","@id":"https:\/\/centromedico.pt\/#\/schema\/logo\/image\/","url":"https:\/\/centromedico.pt\/wp-content\/uploads\/2023\/12\/logo-1-scaled.png","contentUrl":"https:\/\/centromedico.pt\/wp-content\/uploads\/2023\/12\/logo-1-scaled.png","width":2560,"height":986,"caption":"Centro M\u00e9dico Dent\u00e1rio de Gaia"},"image":{"@id":"https:\/\/centromedico.pt\/#\/schema\/logo\/image\/"}}]}},"_links":{"self":[{"href":"https:\/\/centromedico.pt\/index.php\/wp-json\/wp\/v2\/pages\/11","targetHints":{"allow":["GET"]}}],"collection":[{"href":"https:\/\/centromedico.pt\/index.php\/wp-json\/wp\/v2\/pages"}],"about":[{"href":"https:\/\/centromedico.pt\/index.php\/wp-json\/wp\/v2\/types\/page"}],"author":[{"embeddable":true,"href":"https:\/\/centromedico.pt\/index.php\/wp-json\/wp\/v2\/users\/1"}],"replies":[{"embeddable":true,"href":"https:\/\/centromedico.pt\/index.php\/wp-json\/wp\/v2\/comments?post=11"}],"version-history":[{"count":25,"href":"https:\/\/centromedico.pt\/index.php\/wp-json\/wp\/v2\/pages\/11\/revisions"}],"predecessor-version":[{"id":1446,"href":"https:\/\/centromedico.pt\/index.php\/wp-json\/wp\/v2\/pages\/11\/revisions\/1446"}],"wp:attachment":[{"href":"https:\/\/centromedico.pt\/index.php\/wp-json\/wp\/v2\/media?parent=11"}],"curies":[{"name":"wp","href":"https:\/\/api.w.org\/{rel}","templated":true}]}}